{"id":9736,"date":"2025-12-03T15:54:25","date_gmt":"2025-12-03T15:54:25","guid":{"rendered":"https:\/\/www.kenzaberrada.com\/?post_type=product&#038;p=9736"},"modified":"2025-12-04T14:46:33","modified_gmt":"2025-12-04T14:46:33","slug":"voile-sakura","status":"publish","type":"product","link":"https:\/\/www.kenzaberrada.com\/index.php\/product\/voile-sakura\/","title":{"rendered":"Voile Chantilly Blanc &#8211; Long"},"content":{"rendered":"<ul>\n<li data-path-to-node=\"13,0,0\"><b>Mati\u00e8re :<\/b> tulle soyeux.<\/li>\n<li data-path-to-node=\"13,1,0\"><b>Ornementation : <\/b>dentelle florale perl\u00e9e fa\u00e7on chantilly scintillante m\u00e9ticuleusement appliqu\u00e9e sur un tulle soyeux.<\/li>\n<li data-path-to-node=\"13,1,0\"><b>Fabrication : <\/b>voile enti\u00e8rement r\u00e9alis\u00e9e \u00e0 la main dans notre atelier.<\/li>\n<li><b>Couleur :<\/b> tulle blanc ivoire &#8211; galant blanc.<\/li>\n<li><b>Dimension :<\/b> 4m x 2m<\/li>\n<\/ul>\n<p><em>Nous vous offrons la possibilit\u00e9 de personnaliser votre voile selon vos souhaits. Nous vous invitons \u00e0 contacter notre service client.<\/em><\/p>\n","protected":false},"excerpt":{"rendered":"<p>Le voile Chantilly, ultime souffle de gr\u00e2ce, enveloppe d\u00e9licatement la mari\u00e9e. Sur un tulle soyeux, un galant blanc brod\u00e9 et perl\u00e9 \u00e0 la main r\u00e9v\u00e8le la finesse du d\u00e9tail et la l\u00e9g\u00e8ret\u00e9 d\u2019un savoir-faire pr\u00e9cieux. Ce voile s\u2019harmonise parfaitement avec la robe \u2018Auria\u2019 de la gamme \u2018Signature\u2019, qui reprend le m\u00eame galant sur les manches et tout autour de la silhouette, comme le montre la photo.<\/p>\n","protected":false},"featured_media":9753,"comment_status":"open","ping_status":"closed","template":"","meta":[],"product_brand":[],"product_cat":[62],"product_tag":[],"class_list":{"0":"post-9736","1":"product","2":"type-product","3":"status-publish","4":"has-post-thumbnail","6":"product_cat-voiles","8":"first","9":"instock","10":"shipping-taxable","11":"product-type-simple"},"_links":{"self":[{"href":"https:\/\/www.kenzaberrada.com\/index.php\/wp-json\/wp\/v2\/product\/9736","targetHints":{"allow":["GET"]}}],"collection":[{"href":"https:\/\/www.kenzaberrada.com\/index.php\/wp-json\/wp\/v2\/product"}],"about":[{"href":"https:\/\/www.kenzaberrada.com\/index.php\/wp-json\/wp\/v2\/types\/product"}],"replies":[{"embeddable":true,"href":"https:\/\/www.kenzaberrada.com\/index.php\/wp-json\/wp\/v2\/comments?post=9736"}],"wp:featuredmedia":[{"embeddable":true,"href":"https:\/\/www.kenzaberrada.com\/index.php\/wp-json\/wp\/v2\/media\/9753"}],"wp:attachment":[{"href":"https:\/\/www.kenzaberrada.com\/index.php\/wp-json\/wp\/v2\/media?parent=9736"}],"wp:term":[{"taxonomy":"product_brand","embeddable":true,"href":"https:\/\/www.kenzaberrada.com\/index.php\/wp-json\/wp\/v2\/product_brand?post=9736"},{"taxonomy":"product_cat","embeddable":true,"href":"https:\/\/www.kenzaberrada.com\/index.php\/wp-json\/wp\/v2\/product_cat?post=9736"},{"taxonomy":"product_tag","embeddable":true,"href":"https:\/\/www.kenzaberrada.com\/index.php\/wp-json\/wp\/v2\/product_tag?post=9736"}],"curies":[{"name":"wp","href":"https:\/\/api.w.org\/{rel}","templated":true}]}}