{"id":9735,"date":"2025-12-03T15:53:24","date_gmt":"2025-12-03T15:53:24","guid":{"rendered":"https:\/\/www.kenzaberrada.com\/?post_type=product&#038;p=9735"},"modified":"2025-12-04T14:47:44","modified_gmt":"2025-12-04T14:47:44","slug":"voile-samaya","status":"publish","type":"product","link":"https:\/\/www.kenzaberrada.com\/index.php\/product\/voile-samaya\/","title":{"rendered":"Voile Chantilly Ivoire &#8211; Long"},"content":{"rendered":"<ul>\n<li data-path-to-node=\"13,0,0\"><b>Mati\u00e8re :<\/b> tulle soyeux.<\/li>\n<li data-path-to-node=\"13,1,0\"><b>Ornementation :<\/b> dentelle florale perl\u00e9e fa\u00e7on chantilly scintillante m\u00e9ticuleusement appliqu\u00e9e sur un tulle soyeux.<\/li>\n<li data-path-to-node=\"13,1,0\"><b>Fabrication : <\/b>voile enti\u00e8rement r\u00e9alis\u00e9e \u00e0 la main dans notre atelier.<\/li>\n<li><b>Couleur :<\/b> tulle blanc ivoire, galant blanc ivoire.<\/li>\n<li><b>Dimension :<\/b> 3.5m x 1.6m<\/li>\n<\/ul>\n<p><em>Nous vous offrons la possibilit\u00e9 de personnaliser votre voile selon vos souhaits. Nous vous invitons \u00e0 contacter notre service client.<\/em><\/p>\n","protected":false},"excerpt":{"rendered":"<p>Ce voile d\u00e9licat vient parfaire la silhouette de la mari\u00e9e avec l\u00e9g\u00e8ret\u00e9 et sophistication. Sur un tulle soyeux blanc ivoire, des broderies et perles minutieusement r\u00e9alis\u00e9es \u00e0 la main captent subtilement la lumi\u00e8re, r\u00e9v\u00e9lant l\u2019excellence d\u2019un savoir-faire raffin\u00e9.<br data-start=\"369\" data-end=\"372\" \/>Il s\u2019accorde avec \u00e9l\u00e9gance \u00e0 la robe \u2018Aurora\u2019 de la collection \u2018Signature\u2019, dont le galant orne les manches et souligne la ligne de la robe, comme illustr\u00e9 sur la photo.<\/p>\n","protected":false},"featured_media":9755,"comment_status":"open","ping_status":"closed","template":"","meta":[],"product_brand":[],"product_cat":[62],"product_tag":[],"class_list":{"0":"post-9735","1":"product","2":"type-product","3":"status-publish","4":"has-post-thumbnail","6":"product_cat-voiles","8":"first","9":"instock","10":"shipping-taxable","11":"product-type-simple"},"_links":{"self":[{"href":"https:\/\/www.kenzaberrada.com\/index.php\/wp-json\/wp\/v2\/product\/9735","targetHints":{"allow":["GET"]}}],"collection":[{"href":"https:\/\/www.kenzaberrada.com\/index.php\/wp-json\/wp\/v2\/product"}],"about":[{"href":"https:\/\/www.kenzaberrada.com\/index.php\/wp-json\/wp\/v2\/types\/product"}],"replies":[{"embeddable":true,"href":"https:\/\/www.kenzaberrada.com\/index.php\/wp-json\/wp\/v2\/comments?post=9735"}],"wp:featuredmedia":[{"embeddable":true,"href":"https:\/\/www.kenzaberrada.com\/index.php\/wp-json\/wp\/v2\/media\/9755"}],"wp:attachment":[{"href":"https:\/\/www.kenzaberrada.com\/index.php\/wp-json\/wp\/v2\/media?parent=9735"}],"wp:term":[{"taxonomy":"product_brand","embeddable":true,"href":"https:\/\/www.kenzaberrada.com\/index.php\/wp-json\/wp\/v2\/product_brand?post=9735"},{"taxonomy":"product_cat","embeddable":true,"href":"https:\/\/www.kenzaberrada.com\/index.php\/wp-json\/wp\/v2\/product_cat?post=9735"},{"taxonomy":"product_tag","embeddable":true,"href":"https:\/\/www.kenzaberrada.com\/index.php\/wp-json\/wp\/v2\/product_tag?post=9735"}],"curies":[{"name":"wp","href":"https:\/\/api.w.org\/{rel}","templated":true}]}}