{"id":9645,"date":"2025-12-03T13:10:00","date_gmt":"2025-12-03T13:10:00","guid":{"rendered":"https:\/\/www.kenzaberrada.com\/?post_type=product&#038;p=9645"},"modified":"2025-12-04T14:49:04","modified_gmt":"2025-12-04T14:49:04","slug":"voile-bellina","status":"publish","type":"product","link":"https:\/\/www.kenzaberrada.com\/index.php\/product\/voile-bellina\/","title":{"rendered":"Voile Bellina &#8211; Long"},"content":{"rendered":"<ul>\n<li data-path-to-node=\"13,0,0\"><b>Mati\u00e8re :<\/b> tulle soyeux.<\/li>\n<li data-path-to-node=\"13,1,0\"><b>Ornementation : <\/b>perles en Swarovski scintillantes m\u00e9ticuleusement appliqu\u00e9es.<\/li>\n<li data-path-to-node=\"13,1,0\"><b>Fabrication : <\/b>voile enti\u00e8rement r\u00e9alis\u00e9e \u00e0 la main dans notre atelier.<\/li>\n<li><b>Couleur :<\/b> tulle blanc &#8211; galant blanc.<\/li>\n<li><b>Dimension :<\/b> 2m x 1.5m<\/li>\n<\/ul>\n<p><em>Nous vous offrons la possibilit\u00e9 de personnaliser votre voile selon vos souhaits. Nous vous invitons \u00e0 contacter notre service client.<\/em><\/p>\n","protected":false},"excerpt":{"rendered":"<p>Laissez-vous \u00e9blouir par l&rsquo;\u00e9clat du voile Bellina. Son tomb\u00e9 magistral et la richesse de ses motifs perl\u00e9s conf\u00e8rent \u00e0 la mari\u00e9e une aura de gr\u00e2ce et de distinction supr\u00eames.<\/p>\n","protected":false},"featured_media":9741,"comment_status":"open","ping_status":"closed","template":"","meta":[],"product_brand":[],"product_cat":[62],"product_tag":[],"class_list":{"0":"post-9645","1":"product","2":"type-product","3":"status-publish","4":"has-post-thumbnail","6":"product_cat-voiles","8":"first","9":"instock","10":"shipping-taxable","11":"product-type-simple"},"_links":{"self":[{"href":"https:\/\/www.kenzaberrada.com\/index.php\/wp-json\/wp\/v2\/product\/9645","targetHints":{"allow":["GET"]}}],"collection":[{"href":"https:\/\/www.kenzaberrada.com\/index.php\/wp-json\/wp\/v2\/product"}],"about":[{"href":"https:\/\/www.kenzaberrada.com\/index.php\/wp-json\/wp\/v2\/types\/product"}],"replies":[{"embeddable":true,"href":"https:\/\/www.kenzaberrada.com\/index.php\/wp-json\/wp\/v2\/comments?post=9645"}],"wp:featuredmedia":[{"embeddable":true,"href":"https:\/\/www.kenzaberrada.com\/index.php\/wp-json\/wp\/v2\/media\/9741"}],"wp:attachment":[{"href":"https:\/\/www.kenzaberrada.com\/index.php\/wp-json\/wp\/v2\/media?parent=9645"}],"wp:term":[{"taxonomy":"product_brand","embeddable":true,"href":"https:\/\/www.kenzaberrada.com\/index.php\/wp-json\/wp\/v2\/product_brand?post=9645"},{"taxonomy":"product_cat","embeddable":true,"href":"https:\/\/www.kenzaberrada.com\/index.php\/wp-json\/wp\/v2\/product_cat?post=9645"},{"taxonomy":"product_tag","embeddable":true,"href":"https:\/\/www.kenzaberrada.com\/index.php\/wp-json\/wp\/v2\/product_tag?post=9645"}],"curies":[{"name":"wp","href":"https:\/\/api.w.org\/{rel}","templated":true}]}}