{"id":9630,"date":"2025-12-01T20:56:22","date_gmt":"2025-12-01T20:56:22","guid":{"rendered":"https:\/\/www.kenzaberrada.com\/?post_type=product&#038;p=9630"},"modified":"2025-12-04T22:17:43","modified_gmt":"2025-12-04T22:17:43","slug":"le-bibi-royal","status":"publish","type":"product","link":"https:\/\/www.kenzaberrada.com\/index.php\/product\/le-bibi-royal\/","title":{"rendered":"Le Bibi Royal"},"content":{"rendered":"<ul>\n<li data-path-to-node=\"13,0,0\"><b>Mati\u00e8re :<\/b> Feutre de laine vierge haut de gamme.<\/li>\n<li data-path-to-node=\"13,1,0\"><b>Ornementation :<\/b> Broche entour\u00e9e de perles, incrust\u00e9e sur une dentelle perl\u00e9e rehauss\u00e9e de plumes.<\/li>\n<li data-path-to-node=\"13,1,0\"><b>Fabrication : <\/b>Pi\u00e8ce unique enti\u00e8rement r\u00e9alis\u00e9e \u00e0 la main dans notre atelier chapelier.<\/li>\n<li><b>Couleur :<\/b> Blanc Ivoire.<\/li>\n<li><b>Taille :<\/b> 58 (taille standard femme).<\/li>\n<\/ul>\n<p style=\"text-align: left;\"><em>Pour que votre Bibi soit le reflet parfait de votre vision, nous vous offrons la possibilit\u00e9 de le personnaliser selon vos souhaits.<br \/>\nNous vous invitons \u00e0 contacter notre service client pour explorer les options et cr\u00e9er un accessoire v\u00e9ritablement unique.<\/em><\/p>\n","protected":false},"excerpt":{"rendered":"<p style=\"text-align: left;\">Le Bibi Royal est une pi\u00e8ce d&rsquo;h\u00e9ritage, un chef-d&rsquo;\u0153uvre de d\u00e9licatesse. Dentelle perl\u00e9e, plumes vaporeuses, broche sertie de perles. Portez-le pour une allure digne d&rsquo;une reine, avec la l\u00e9g\u00e8ret\u00e9 d&rsquo;une princesse.<\/p>\n","protected":false},"featured_media":9635,"comment_status":"open","ping_status":"closed","template":"","meta":[],"product_brand":[],"product_cat":[55],"product_tag":[],"class_list":{"0":"post-9630","1":"product","2":"type-product","3":"status-publish","4":"has-post-thumbnail","6":"product_cat-chapeaux","8":"first","9":"instock","10":"shipping-taxable","11":"product-type-simple"},"_links":{"self":[{"href":"https:\/\/www.kenzaberrada.com\/index.php\/wp-json\/wp\/v2\/product\/9630","targetHints":{"allow":["GET"]}}],"collection":[{"href":"https:\/\/www.kenzaberrada.com\/index.php\/wp-json\/wp\/v2\/product"}],"about":[{"href":"https:\/\/www.kenzaberrada.com\/index.php\/wp-json\/wp\/v2\/types\/product"}],"replies":[{"embeddable":true,"href":"https:\/\/www.kenzaberrada.com\/index.php\/wp-json\/wp\/v2\/comments?post=9630"}],"wp:featuredmedia":[{"embeddable":true,"href":"https:\/\/www.kenzaberrada.com\/index.php\/wp-json\/wp\/v2\/media\/9635"}],"wp:attachment":[{"href":"https:\/\/www.kenzaberrada.com\/index.php\/wp-json\/wp\/v2\/media?parent=9630"}],"wp:term":[{"taxonomy":"product_brand","embeddable":true,"href":"https:\/\/www.kenzaberrada.com\/index.php\/wp-json\/wp\/v2\/product_brand?post=9630"},{"taxonomy":"product_cat","embeddable":true,"href":"https:\/\/www.kenzaberrada.com\/index.php\/wp-json\/wp\/v2\/product_cat?post=9630"},{"taxonomy":"product_tag","embeddable":true,"href":"https:\/\/www.kenzaberrada.com\/index.php\/wp-json\/wp\/v2\/product_tag?post=9630"}],"curies":[{"name":"wp","href":"https:\/\/api.w.org\/{rel}","templated":true}]}}