{"id":9628,"date":"2025-12-01T20:38:15","date_gmt":"2025-12-01T20:38:15","guid":{"rendered":"https:\/\/www.kenzaberrada.com\/?post_type=product&#038;p=9628"},"modified":"2025-12-04T22:26:31","modified_gmt":"2025-12-04T22:26:31","slug":"le-bibi-lyora","status":"publish","type":"product","link":"https:\/\/www.kenzaberrada.com\/index.php\/product\/le-bibi-lyora\/","title":{"rendered":"Le Bibi Lyora"},"content":{"rendered":"<ul>\n<li data-path-to-node=\"13,0,0\"><b>Mati\u00e8re :<\/b> Feutre de laine vierge haut de gamme.<\/li>\n<li data-path-to-node=\"13,1,0\"><b>Ornementation :<\/b> Broche florale incrust\u00e9e de perles et de pierre de schwarovski.<\/li>\n<li data-path-to-node=\"13,1,0\"><b>Fabrication : <\/b>Pi\u00e8ce unique enti\u00e8rement r\u00e9alis\u00e9e \u00e0 la main dans notre atelier chapelier.<\/li>\n<li><b>Couleur :<\/b> Blanc Ivoire.<\/li>\n<li><b>Taille :<\/b> 58 (taille standard femme).<\/li>\n<\/ul>\n<p style=\"text-align: left;\"><em>Pour que votre Bibi soit le reflet parfait de votre vision, nous vous offrons la possibilit\u00e9 de le personnaliser selon vos souhaits.<br \/>\nNous vous invitons \u00e0 contacter notre service client pour explorer les options et cr\u00e9er un accessoire v\u00e9ritablement unique.<\/em><\/p>\n","protected":false},"excerpt":{"rendered":"<p style=\"text-align: left;\">Le Bibi Lyora serti de pierre d\u00e9licate et d\u2019un \u00e9clat bijou, ce bibi capte la lumi\u00e8re, r\u00e9v\u00e9lant une allure douce, moderne et souveraine.<\/p>\n","protected":false},"featured_media":9629,"comment_status":"open","ping_status":"closed","template":"","meta":[],"product_brand":[],"product_cat":[55],"product_tag":[],"class_list":{"0":"post-9628","1":"product","2":"type-product","3":"status-publish","4":"has-post-thumbnail","6":"product_cat-chapeaux","8":"first","9":"instock","10":"shipping-taxable","11":"product-type-simple"},"_links":{"self":[{"href":"https:\/\/www.kenzaberrada.com\/index.php\/wp-json\/wp\/v2\/product\/9628","targetHints":{"allow":["GET"]}}],"collection":[{"href":"https:\/\/www.kenzaberrada.com\/index.php\/wp-json\/wp\/v2\/product"}],"about":[{"href":"https:\/\/www.kenzaberrada.com\/index.php\/wp-json\/wp\/v2\/types\/product"}],"replies":[{"embeddable":true,"href":"https:\/\/www.kenzaberrada.com\/index.php\/wp-json\/wp\/v2\/comments?post=9628"}],"wp:featuredmedia":[{"embeddable":true,"href":"https:\/\/www.kenzaberrada.com\/index.php\/wp-json\/wp\/v2\/media\/9629"}],"wp:attachment":[{"href":"https:\/\/www.kenzaberrada.com\/index.php\/wp-json\/wp\/v2\/media?parent=9628"}],"wp:term":[{"taxonomy":"product_brand","embeddable":true,"href":"https:\/\/www.kenzaberrada.com\/index.php\/wp-json\/wp\/v2\/product_brand?post=9628"},{"taxonomy":"product_cat","embeddable":true,"href":"https:\/\/www.kenzaberrada.com\/index.php\/wp-json\/wp\/v2\/product_cat?post=9628"},{"taxonomy":"product_tag","embeddable":true,"href":"https:\/\/www.kenzaberrada.com\/index.php\/wp-json\/wp\/v2\/product_tag?post=9628"}],"curies":[{"name":"wp","href":"https:\/\/api.w.org\/{rel}","templated":true}]}}