{"id":9609,"date":"2025-12-01T15:32:53","date_gmt":"2025-12-01T15:32:53","guid":{"rendered":"https:\/\/www.kenzaberrada.com\/?post_type=product&#038;p=9609"},"modified":"2025-12-04T22:20:47","modified_gmt":"2025-12-04T22:20:47","slug":"le-castor-imperial","status":"publish","type":"product","link":"https:\/\/www.kenzaberrada.com\/index.php\/product\/le-castor-imperial\/","title":{"rendered":"Le Castor Imperial"},"content":{"rendered":"<ul>\n<li data-path-to-node=\"13,0,0\"><b>Mati\u00e8re :<\/b> R\u00e9alis\u00e9 en feutre de peau de castor de luxe.<\/li>\n<li data-path-to-node=\"13,1,0\"><b>Ornementation :<\/b> Sublim\u00e9e par une dentelle faite main, ajoutant une touche de d\u00e9licatesse artisanale.<\/li>\n<li><b>Fabrication : <\/b>Pi\u00e8ce unique enti\u00e8rement r\u00e9alis\u00e9e \u00e0 la main dans notre atelier chapelier.<\/li>\n<li><b>Couleur :<\/b> Blanc Ivoire.<\/li>\n<li><b>Taille :<\/b> 58 (taille standard femme).<\/li>\n<\/ul>\n<p><em>Pour que votre Panama soit le reflet parfait de votre vision, nous vous offrons la possibilit\u00e9 de le personnaliser selon vos souhaits.<br \/>\nNous vous invitons \u00e0 contacter notre service client pour explorer les options et cr\u00e9er un accessoire v\u00e9ritablement unique.<\/em><\/p>\n","protected":false},"excerpt":{"rendered":"<p style=\"text-align: left;\"><span style=\"text-transform: initial;\">Le Castor Imp\u00e9rial, un Panama intemporel, con\u00e7u \u00e0 partir de peau de castor, offrant une douceur exceptionnelle. Orn\u00e9 d&rsquo;une dentelle, enti\u00e8rement r\u00e9alis\u00e9e \u00e0 la main, il est l&rsquo;accessoire par excellence pour parfaire une tenue de mari\u00e9e boh\u00e8me ou chic.<\/span><\/p>\n<h3><\/h3>\n","protected":false},"featured_media":9614,"comment_status":"open","ping_status":"closed","template":"","meta":[],"product_brand":[],"product_cat":[55],"product_tag":[],"class_list":{"0":"post-9609","1":"product","2":"type-product","3":"status-publish","4":"has-post-thumbnail","6":"product_cat-chapeaux","8":"first","9":"instock","10":"shipping-taxable","11":"product-type-simple"},"_links":{"self":[{"href":"https:\/\/www.kenzaberrada.com\/index.php\/wp-json\/wp\/v2\/product\/9609","targetHints":{"allow":["GET"]}}],"collection":[{"href":"https:\/\/www.kenzaberrada.com\/index.php\/wp-json\/wp\/v2\/product"}],"about":[{"href":"https:\/\/www.kenzaberrada.com\/index.php\/wp-json\/wp\/v2\/types\/product"}],"replies":[{"embeddable":true,"href":"https:\/\/www.kenzaberrada.com\/index.php\/wp-json\/wp\/v2\/comments?post=9609"}],"wp:featuredmedia":[{"embeddable":true,"href":"https:\/\/www.kenzaberrada.com\/index.php\/wp-json\/wp\/v2\/media\/9614"}],"wp:attachment":[{"href":"https:\/\/www.kenzaberrada.com\/index.php\/wp-json\/wp\/v2\/media?parent=9609"}],"wp:term":[{"taxonomy":"product_brand","embeddable":true,"href":"https:\/\/www.kenzaberrada.com\/index.php\/wp-json\/wp\/v2\/product_brand?post=9609"},{"taxonomy":"product_cat","embeddable":true,"href":"https:\/\/www.kenzaberrada.com\/index.php\/wp-json\/wp\/v2\/product_cat?post=9609"},{"taxonomy":"product_tag","embeddable":true,"href":"https:\/\/www.kenzaberrada.com\/index.php\/wp-json\/wp\/v2\/product_tag?post=9609"}],"curies":[{"name":"wp","href":"https:\/\/api.w.org\/{rel}","templated":true}]}}