{"id":8965,"date":"2025-11-17T15:35:35","date_gmt":"2025-11-17T15:35:35","guid":{"rendered":"https:\/\/www.kenzaberrada.com\/?post_type=product&#038;p=8965"},"modified":"2025-12-04T16:51:25","modified_gmt":"2025-12-04T16:51:25","slug":"jasmine","status":"publish","type":"product","link":"https:\/\/www.kenzaberrada.com\/index.php\/product\/jasmine\/","title":{"rendered":"Jasmine"},"content":{"rendered":"<ul>\n<li><strong>Couleur<\/strong>\u00a0: Blanc Ivoire lumineux.<\/li>\n<li><strong>Tissu<\/strong>\u00a0:\n<ul>\n<li>Jupe en drap de soie, offrant un tomb\u00e9 naturellement \u00e9l\u00e9gant.<\/li>\n<li>Top en dentelle arabesque travaill\u00e9e en transparence.<\/li>\n<\/ul>\n<\/li>\n<li><strong>Finition<\/strong>\u00a0:\n<ul>\n<li>Jupe longue structur\u00e9e de plis fluides et prolong\u00e9e d\u2019une tra\u00eene subtile.<\/li>\n<li>Ourlet brod\u00e9 \u00e0 la main, r\u00e9alis\u00e9 point par point selon le savoir-faire artisanal.<\/li>\n<li>Top ajust\u00e9 avec un crop-top lisse en dessous pour un rendu \u00e9pur\u00e9.<\/li>\n<\/ul>\n<\/li>\n<li><strong>Coupe &amp; d\u00e9tails:<\/strong>\n<ul>\n<li>Jupe taille haute, coupe avec plis et longue tra\u00eene.<\/li>\n<li>Top ajust\u00e9 avec manches longues.<\/li>\n<\/ul>\n<\/li>\n<li><strong>Fermeture<\/strong>\u00a0:\n<ul>\n<li>Jupe : fermeture invisible sur le c\u00f4t\u00e9.<\/li>\n<li>Crop-top : finition pull-on avec fermoir ajustable sur le dos.<\/li>\n<\/ul>\n<\/li>\n<li><strong>Taille<\/strong>\u00a0: S<\/li>\n<\/ul>\n","protected":false},"excerpt":{"rendered":"<p><strong>Jasmine<\/strong>, un souffle d\u2019ivoire qui glisse sur la peau. Ce top <em>arabesque <\/em>laisse filtrer une lumi\u00e8re douce sur chaque motif. Une cr\u00e9ation pens\u00e9e pour sublimer la mari\u00e9e lors d\u2019un\u00a0mariage civil, d\u2019une c\u00e9r\u00e9monie intime, d&rsquo;une soir\u00e9e \u00e9l\u00e9gante ou de tout instant o\u00f9 l\u2019\u00e9l\u00e9gance se veut inoubliable.<\/p>\n","protected":false},"featured_media":8922,"comment_status":"open","ping_status":"closed","template":"","meta":[],"product_brand":[],"product_cat":[93],"product_tag":[],"class_list":{"0":"post-8965","1":"product","2":"type-product","3":"status-publish","4":"has-post-thumbnail","6":"product_cat-elegancecivile","8":"first","9":"instock","10":"shipping-taxable","11":"product-type-simple"},"_links":{"self":[{"href":"https:\/\/www.kenzaberrada.com\/index.php\/wp-json\/wp\/v2\/product\/8965","targetHints":{"allow":["GET"]}}],"collection":[{"href":"https:\/\/www.kenzaberrada.com\/index.php\/wp-json\/wp\/v2\/product"}],"about":[{"href":"https:\/\/www.kenzaberrada.com\/index.php\/wp-json\/wp\/v2\/types\/product"}],"replies":[{"embeddable":true,"href":"https:\/\/www.kenzaberrada.com\/index.php\/wp-json\/wp\/v2\/comments?post=8965"}],"wp:featuredmedia":[{"embeddable":true,"href":"https:\/\/www.kenzaberrada.com\/index.php\/wp-json\/wp\/v2\/media\/8922"}],"wp:attachment":[{"href":"https:\/\/www.kenzaberrada.com\/index.php\/wp-json\/wp\/v2\/media?parent=8965"}],"wp:term":[{"taxonomy":"product_brand","embeddable":true,"href":"https:\/\/www.kenzaberrada.com\/index.php\/wp-json\/wp\/v2\/product_brand?post=8965"},{"taxonomy":"product_cat","embeddable":true,"href":"https:\/\/www.kenzaberrada.com\/index.php\/wp-json\/wp\/v2\/product_cat?post=8965"},{"taxonomy":"product_tag","embeddable":true,"href":"https:\/\/www.kenzaberrada.com\/index.php\/wp-json\/wp\/v2\/product_tag?post=8965"}],"curies":[{"name":"wp","href":"https:\/\/api.w.org\/{rel}","templated":true}]}}