{"id":8935,"date":"2025-11-14T08:51:10","date_gmt":"2025-11-14T08:51:10","guid":{"rendered":"https:\/\/www.kenzaberrada.com\/?post_type=product&#038;p=8935"},"modified":"2025-12-06T22:43:25","modified_gmt":"2025-12-06T22:43:25","slug":"ophelia","status":"publish","type":"product","link":"https:\/\/www.kenzaberrada.com\/index.php\/product\/ophelia\/","title":{"rendered":"Oph\u00e9lia"},"content":{"rendered":"<ul>\n<li><strong>Couleur<\/strong> : Blanc Ivoire lumineux.<\/li>\n<li><strong>Tissu<\/strong> : Drap de soie, l\u00e9ger et fluide, offrant un tomb\u00e9 naturellement \u00e9l\u00e9gant.<\/li>\n<li><strong>Finition<\/strong> :\n<ul>\n<li>Top se termine par un ourlet en sfifa brod\u00e9 \u00e0 la main, une signature artisanale qui offre un \u00e9clat raffin\u00e9.<\/li>\n<li>Galant finement brod\u00e9 et perl\u00e9.<\/li>\n<\/ul>\n<\/li>\n<li><strong>Coupe &amp; d\u00e9tails: <\/strong>\n<ul>\n<li>Top \u00e0 demi-manches, dot\u00e9 d\u2019un d\u00e9collet\u00e9 en V identique \u00e0 l\u2019avant comme \u00e0 l\u2019arri\u00e8re, une ligne \u00e9pur\u00e9e et parfaitement \u00e9quilibr\u00e9e.<\/li>\n<li>Jupe : taille haute, structur\u00e9e de plis pr\u00e9cis, au volume de 3 m\u00e8tres.<\/li>\n<\/ul>\n<\/li>\n<li><strong>Fermeture<\/strong> : Zip discret et parfaitement int\u00e9gr\u00e9 pour\u00a0un enfilage fluide.<\/li>\n<li><strong>Taille<\/strong> : S<\/li>\n<\/ul>\n","protected":false},"excerpt":{"rendered":"<p style=\"text-align: left;\"><strong data-start=\"111\" data-end=\"122\">Oph\u00e9lia<\/strong> d\u00e9voile la gr\u00e2ce d\u2019un drap de soie ivoire, illumin\u00e9 d\u2019un galant <em>brod\u00e9 et perl\u00e9 r\u00e9alis\u00e9 \u00e0 la main.<\/em> Une cr\u00e9ation pens\u00e9e pour sublimer la mari\u00e9e lors d\u2019un mariage civil, d\u2019un cocktail de c\u00e9r\u00e9monie, ou de tout instant o\u00f9 l\u2019\u00e9l\u00e9gance se veut inoubliable.<\/p>\n","protected":false},"featured_media":8938,"comment_status":"open","ping_status":"closed","template":"","meta":[],"product_brand":[],"product_cat":[93],"product_tag":[],"class_list":{"0":"post-8935","1":"product","2":"type-product","3":"status-publish","4":"has-post-thumbnail","6":"product_cat-elegancecivile","8":"first","9":"instock","10":"shipping-taxable","11":"product-type-simple"},"_links":{"self":[{"href":"https:\/\/www.kenzaberrada.com\/index.php\/wp-json\/wp\/v2\/product\/8935","targetHints":{"allow":["GET"]}}],"collection":[{"href":"https:\/\/www.kenzaberrada.com\/index.php\/wp-json\/wp\/v2\/product"}],"about":[{"href":"https:\/\/www.kenzaberrada.com\/index.php\/wp-json\/wp\/v2\/types\/product"}],"replies":[{"embeddable":true,"href":"https:\/\/www.kenzaberrada.com\/index.php\/wp-json\/wp\/v2\/comments?post=8935"}],"wp:featuredmedia":[{"embeddable":true,"href":"https:\/\/www.kenzaberrada.com\/index.php\/wp-json\/wp\/v2\/media\/8938"}],"wp:attachment":[{"href":"https:\/\/www.kenzaberrada.com\/index.php\/wp-json\/wp\/v2\/media?parent=8935"}],"wp:term":[{"taxonomy":"product_brand","embeddable":true,"href":"https:\/\/www.kenzaberrada.com\/index.php\/wp-json\/wp\/v2\/product_brand?post=8935"},{"taxonomy":"product_cat","embeddable":true,"href":"https:\/\/www.kenzaberrada.com\/index.php\/wp-json\/wp\/v2\/product_cat?post=8935"},{"taxonomy":"product_tag","embeddable":true,"href":"https:\/\/www.kenzaberrada.com\/index.php\/wp-json\/wp\/v2\/product_tag?post=8935"}],"curies":[{"name":"wp","href":"https:\/\/api.w.org\/{rel}","templated":true}]}}