{"id":8934,"date":"2025-11-14T08:47:39","date_gmt":"2025-11-14T08:47:39","guid":{"rendered":"https:\/\/www.kenzaberrada.com\/?post_type=product&#038;p=8934"},"modified":"2025-12-04T16:52:34","modified_gmt":"2025-12-04T16:52:34","slug":"lyora","status":"publish","type":"product","link":"https:\/\/www.kenzaberrada.com\/index.php\/product\/lyora\/","title":{"rendered":"Lyora"},"content":{"rendered":"<ul>\n<li><strong>Couleur<\/strong> : Blanc Ivoire lumineux.<\/li>\n<li><strong>Tissu<\/strong>\u00a0:\n<ul>\n<li>Jupe en drap de soie, offrant un tomb\u00e9 naturellement \u00e9l\u00e9gant.<\/li>\n<li>Veste en perlage, artisanalement brod\u00e9e \u00ab\u00a0Terz El Fassi\u00a0\u00bb sur les manches.<\/li>\n<li>Crop-top int\u00e9rieur en drap de soie.<\/li>\n<\/ul>\n<\/li>\n<li><strong>Finition<\/strong> :\n<ul>\n<li>Jupe en fente lat\u00e9rale haute au rendu fluide avec une traine.<\/li>\n<li>Ceinture brod\u00e9e avec boucle carr\u00e9e. Technique artisanale marocaine avec un tressage brod\u00e9 \u00e0 la main.<\/li>\n<li>Ourlet brod\u00e9 \u00e0 la main, r\u00e9alis\u00e9 point par point selon le savoir-faire artisanal.<\/li>\n<li>Veste avec une finition \u00ab\u00a0Sfifa\u00a0\u00bb travaill\u00e9e \u00e0 la main. Perlage schwarovski sur la broderie des manches.<\/li>\n<\/ul>\n<\/li>\n<li><strong>Coupe &amp; d\u00e9tails:<\/strong>\n<ul>\n<li>Jupe taille haute, coupe droite et \u00e9lanc\u00e9e, fendue c\u00f4t\u00e9 droit pour allonger la silhouette.<\/li>\n<li>Veste transparente brod\u00e9e, manches longues brod\u00e9es, col ouvert.<\/li>\n<li>Crop-top lisse en dessous pour un rendu \u00e9pur\u00e9.<\/li>\n<li>Ceinture structurante \u00e0 la taille ajustable.<\/li>\n<\/ul>\n<\/li>\n<li><strong>Fermeture<\/strong> :\n<ul>\n<li>Jupe : fermeture invisible sur le c\u00f4t\u00e9.<\/li>\n<li>Veste : syst\u00e8me ouvert, port\u00e9e loose ou ceintur\u00e9e.<\/li>\n<li>Crop-top : finition pull-on avec fermoir ajustable sur le dos.<\/li>\n<\/ul>\n<\/li>\n<li><strong>Taille<\/strong>\u00a0: S<\/li>\n<\/ul>\n","protected":false},"excerpt":{"rendered":"<p data-start=\"162\" data-end=\"612\"><strong data-start=\"185\" data-end=\"194\">Lyora<\/strong> se d\u00e9voile en un ensemble quatre-pi\u00e8ces o\u00f9 chaque d\u00e9tail respire la d\u00e9licatesse. La broderie perl\u00e9e, enti\u00e8rement fa\u00e7onn\u00e9e \u00e0 la main<em> \u00ab\u00a0terz El-Fassi\u00a0\u00bb,<\/em> c\u00e9l\u00e8bre un savoir-faire pr\u00e9cieux. Une silhouette pens\u00e9e pour le mariage civil, le cocktail de c\u00e9r\u00e9monie, ou tout instant o\u00f9 l\u2019\u00e9l\u00e9gance s\u2019impose avec discr\u00e9tion\u2026 et reste inoubliable.<\/p>\n","protected":false},"featured_media":8932,"comment_status":"open","ping_status":"closed","template":"","meta":[],"product_brand":[],"product_cat":[93],"product_tag":[],"class_list":{"0":"post-8934","1":"product","2":"type-product","3":"status-publish","4":"has-post-thumbnail","6":"product_cat-elegancecivile","8":"first","9":"instock","10":"shipping-taxable","11":"product-type-simple"},"_links":{"self":[{"href":"https:\/\/www.kenzaberrada.com\/index.php\/wp-json\/wp\/v2\/product\/8934","targetHints":{"allow":["GET"]}}],"collection":[{"href":"https:\/\/www.kenzaberrada.com\/index.php\/wp-json\/wp\/v2\/product"}],"about":[{"href":"https:\/\/www.kenzaberrada.com\/index.php\/wp-json\/wp\/v2\/types\/product"}],"replies":[{"embeddable":true,"href":"https:\/\/www.kenzaberrada.com\/index.php\/wp-json\/wp\/v2\/comments?post=8934"}],"wp:featuredmedia":[{"embeddable":true,"href":"https:\/\/www.kenzaberrada.com\/index.php\/wp-json\/wp\/v2\/media\/8932"}],"wp:attachment":[{"href":"https:\/\/www.kenzaberrada.com\/index.php\/wp-json\/wp\/v2\/media?parent=8934"}],"wp:term":[{"taxonomy":"product_brand","embeddable":true,"href":"https:\/\/www.kenzaberrada.com\/index.php\/wp-json\/wp\/v2\/product_brand?post=8934"},{"taxonomy":"product_cat","embeddable":true,"href":"https:\/\/www.kenzaberrada.com\/index.php\/wp-json\/wp\/v2\/product_cat?post=8934"},{"taxonomy":"product_tag","embeddable":true,"href":"https:\/\/www.kenzaberrada.com\/index.php\/wp-json\/wp\/v2\/product_tag?post=8934"}],"curies":[{"name":"wp","href":"https:\/\/api.w.org\/{rel}","templated":true}]}}