{"id":8925,"date":"2025-11-14T08:42:39","date_gmt":"2025-11-14T08:42:39","guid":{"rendered":"https:\/\/www.kenzaberrada.com\/?post_type=product&#038;p=8925"},"modified":"2025-12-04T16:51:13","modified_gmt":"2025-12-04T16:51:13","slug":"wafa","status":"publish","type":"product","link":"https:\/\/www.kenzaberrada.com\/index.php\/product\/wafa\/","title":{"rendered":"Wafa"},"content":{"rendered":"<ul>\n<li><strong>Couleur<\/strong>\u00a0: Blanc Ivoire lumineux.<\/li>\n<li><strong>Tissu<\/strong>\u00a0:\n<ul>\n<li>Top en dentelle brod\u00e9e.<\/li>\n<li>Jupe en drap de soie.<\/li>\n<\/ul>\n<\/li>\n<li><strong>Finition<\/strong>\u00a0:\n<ul>\n<li>Top au dos nu termin\u00e9 avec un galant en dentelle pour un rendu \u00e9pur\u00e9.<\/li>\n<li>Jupe avec un ourlet \u201csfifa\u201d brod\u00e9 \u00e0 la main.<\/li>\n<\/ul>\n<\/li>\n<li><strong>Coupe &amp; d\u00e9tails:<\/strong>\n<ul>\n<li>Top au manche long. Dos nus.<\/li>\n<li>Jupe longue \u00e0 taille haute avec plis structur\u00e9s.<\/li>\n<\/ul>\n<\/li>\n<li><strong>Fermeture<\/strong>\u00a0:\n<ul>\n<li>Finition pull-on avec fermoir ajustable sur le dos.<\/li>\n<li>Jupe avec fermeture invisible sur le c\u00f4t\u00e9.<\/li>\n<\/ul>\n<\/li>\n<li><strong>Taille<\/strong> : S<\/li>\n<\/ul>\n","protected":false},"excerpt":{"rendered":"<p><strong>Wafa <\/strong>au c\u0153ur des bambous : un top au manche long en dentelle perl\u00e9e, termin\u00e9 par un galant brod\u00e9 pour une touche de raffinement, accompagn\u00e9 d\u2019une jupe fluide \u00e0 tra\u00eene qui \u00e9pouse chaque mouvement. Une cr\u00e9ation pens\u00e9e pour sublimer la mari\u00e9e lors d\u2019un\u00a0mariage civil, d\u2019une\u00a0c\u00e9r\u00e9monie intime, d\u2019une soir\u00e9e \u00e9l\u00e9gante ou de tout instant o\u00f9 l\u2019\u00e9l\u00e9gance se veut inoubliable.<\/p>\n","protected":false},"featured_media":8929,"comment_status":"open","ping_status":"closed","template":"","meta":[],"product_brand":[],"product_cat":[93],"product_tag":[],"class_list":{"0":"post-8925","1":"product","2":"type-product","3":"status-publish","4":"has-post-thumbnail","6":"product_cat-elegancecivile","8":"first","9":"instock","10":"shipping-taxable","11":"product-type-simple"},"_links":{"self":[{"href":"https:\/\/www.kenzaberrada.com\/index.php\/wp-json\/wp\/v2\/product\/8925","targetHints":{"allow":["GET"]}}],"collection":[{"href":"https:\/\/www.kenzaberrada.com\/index.php\/wp-json\/wp\/v2\/product"}],"about":[{"href":"https:\/\/www.kenzaberrada.com\/index.php\/wp-json\/wp\/v2\/types\/product"}],"replies":[{"embeddable":true,"href":"https:\/\/www.kenzaberrada.com\/index.php\/wp-json\/wp\/v2\/comments?post=8925"}],"wp:featuredmedia":[{"embeddable":true,"href":"https:\/\/www.kenzaberrada.com\/index.php\/wp-json\/wp\/v2\/media\/8929"}],"wp:attachment":[{"href":"https:\/\/www.kenzaberrada.com\/index.php\/wp-json\/wp\/v2\/media?parent=8925"}],"wp:term":[{"taxonomy":"product_brand","embeddable":true,"href":"https:\/\/www.kenzaberrada.com\/index.php\/wp-json\/wp\/v2\/product_brand?post=8925"},{"taxonomy":"product_cat","embeddable":true,"href":"https:\/\/www.kenzaberrada.com\/index.php\/wp-json\/wp\/v2\/product_cat?post=8925"},{"taxonomy":"product_tag","embeddable":true,"href":"https:\/\/www.kenzaberrada.com\/index.php\/wp-json\/wp\/v2\/product_tag?post=8925"}],"curies":[{"name":"wp","href":"https:\/\/api.w.org\/{rel}","templated":true}]}}