{"id":8909,"date":"2025-11-13T20:20:27","date_gmt":"2025-11-13T20:20:27","guid":{"rendered":"https:\/\/www.kenzaberrada.com\/?post_type=product&#038;p=8909"},"modified":"2025-12-04T16:37:54","modified_gmt":"2025-12-04T16:37:54","slug":"saphia","status":"publish","type":"product","link":"https:\/\/www.kenzaberrada.com\/index.php\/product\/saphia\/","title":{"rendered":"Saphia"},"content":{"rendered":"<ul>\n<li><strong>Couleur<\/strong>\u00a0: Blanc Ivoire lumineux.<\/li>\n<li><strong>Tissu<\/strong>\u00a0:\n<ul>\n<li>Drap de soie fluide pour un tomb\u00e9 l\u00e9ger et naturel.<\/li>\n<li>Doublure douce pour un confort optimal.<\/li>\n<\/ul>\n<\/li>\n<li><strong>Finition<\/strong>\u00a0:\n<ul>\n<li data-start=\"511\" data-end=\"572\">Travail de broderie <em>\u00ab\u00a0Terz El-Fassi\u00a0\u00bb<\/em> autour de la taille, signature de la Maison.<\/li>\n<li data-start=\"511\" data-end=\"572\">Ourlet en dentelle perl\u00e9 travaill\u00e9 avec pr\u00e9cision.<\/li>\n<\/ul>\n<\/li>\n<li><strong>Coupe &amp; d\u00e9tails:<\/strong>\n<ul>\n<li data-start=\"290\" data-end=\"351\">Coupe longue et \u00e9pur\u00e9e, pens\u00e9e pour allonger la silhouette.<\/li>\n<li data-start=\"290\" data-end=\"351\">Fente frontale subtile offrant une allure moderne et a\u00e9rienne.<\/li>\n<li data-start=\"290\" data-end=\"351\">Encolure crois\u00e9e off-shoulder sculptant d\u00e9licatement les \u00e9paules.<\/li>\n<\/ul>\n<\/li>\n<li><strong>Fermeture<\/strong>\u00a0:\n<ul>\n<li>Finition pull-on avec fermoir ajustable sur le c\u00f4t\u00e9.<\/li>\n<\/ul>\n<\/li>\n<li><strong>Taille<\/strong>\u00a0: S-M<\/li>\n<\/ul>\n","protected":false},"excerpt":{"rendered":"<p><strong>Saphia<\/strong> est une ode \u00e0 la gr\u00e2ce contemporaine. Pens\u00e9e pour capturer l\u2019instant et laisser une empreinte inoubliable, elle se distingue par son tour de taille finement brod\u00e9 <em>\u00ab\u00a0Terz El-fassi\u00a0\u00bb,<\/em> une signature subtile de la Maison.<\/p>\n","protected":false},"featured_media":8912,"comment_status":"open","ping_status":"closed","template":"","meta":[],"product_brand":[],"product_cat":[94],"product_tag":[],"class_list":{"0":"post-8909","1":"product","2":"type-product","3":"status-publish","4":"has-post-thumbnail","6":"product_cat-eleganceintemporelle","8":"first","9":"instock","10":"shipping-taxable","11":"product-type-simple"},"_links":{"self":[{"href":"https:\/\/www.kenzaberrada.com\/index.php\/wp-json\/wp\/v2\/product\/8909","targetHints":{"allow":["GET"]}}],"collection":[{"href":"https:\/\/www.kenzaberrada.com\/index.php\/wp-json\/wp\/v2\/product"}],"about":[{"href":"https:\/\/www.kenzaberrada.com\/index.php\/wp-json\/wp\/v2\/types\/product"}],"replies":[{"embeddable":true,"href":"https:\/\/www.kenzaberrada.com\/index.php\/wp-json\/wp\/v2\/comments?post=8909"}],"wp:featuredmedia":[{"embeddable":true,"href":"https:\/\/www.kenzaberrada.com\/index.php\/wp-json\/wp\/v2\/media\/8912"}],"wp:attachment":[{"href":"https:\/\/www.kenzaberrada.com\/index.php\/wp-json\/wp\/v2\/media?parent=8909"}],"wp:term":[{"taxonomy":"product_brand","embeddable":true,"href":"https:\/\/www.kenzaberrada.com\/index.php\/wp-json\/wp\/v2\/product_brand?post=8909"},{"taxonomy":"product_cat","embeddable":true,"href":"https:\/\/www.kenzaberrada.com\/index.php\/wp-json\/wp\/v2\/product_cat?post=8909"},{"taxonomy":"product_tag","embeddable":true,"href":"https:\/\/www.kenzaberrada.com\/index.php\/wp-json\/wp\/v2\/product_tag?post=8909"}],"curies":[{"name":"wp","href":"https:\/\/api.w.org\/{rel}","templated":true}]}}