{"id":8890,"date":"2025-12-06T10:50:18","date_gmt":"2025-12-06T10:50:18","guid":{"rendered":"https:\/\/www.kenzaberrada.com\/?post_type=product&#038;p=8890"},"modified":"2025-12-06T22:45:41","modified_gmt":"2025-12-06T22:45:41","slug":"elyra","status":"publish","type":"product","link":"https:\/\/www.kenzaberrada.com\/index.php\/product\/elyra\/","title":{"rendered":"Elyra"},"content":{"rendered":"<ul>\n<li><strong>Couleur<\/strong>\u00a0: Blanc Ivoire lumineux.<\/li>\n<li><strong>Tissu<\/strong>\u00a0:\n<ul>\n<li>Robe en dentelle fleurie et drap de soie.<\/li>\n<\/ul>\n<\/li>\n<li><strong>Finition<\/strong>\u00a0:\n<ul>\n<li>Travail de broderie<em> \u00ab\u00a0Tez El-fassi\u00a0\u00bb<\/em> au dessus de la fente pour un rendu \u00e9pur\u00e9.<\/li>\n<li>Broderie d\u00e9licate soulignant la taille.<\/li>\n<li>D\u00e9collet\u00e9 en V et dos en V enti\u00e8rement brod\u00e9s.<\/li>\n<li>Galant finement brod\u00e9 pos\u00e9 en continu autour de l&rsquo;ourlet, signature de la Maison.<\/li>\n<\/ul>\n<\/li>\n<li><strong>Coupe &amp; d\u00e9tails:<\/strong>\n<ul>\n<li>Robe une pi\u00e8ce, volume g\u00e9n\u00e9reux de 3 m\u00e8tres de drap de soie offrant une fluidit\u00e9 naturelle.<\/li>\n<li>Manches longues en dentelle transparente avec motifs floraux apparents.<\/li>\n<li>Fente en dentelle subtilement r\u00e9v\u00e9l\u00e9e.<\/li>\n<\/ul>\n<\/li>\n<li><strong>Fermeture<\/strong>\u00a0:\n<ul>\n<li>Finition pull-on avec fermoir ajustable sur le c\u00f4t\u00e9.<\/li>\n<\/ul>\n<\/li>\n<li><strong>Taille<\/strong> : S-M<\/li>\n<\/ul>\n","protected":false},"excerpt":{"rendered":"<p data-start=\"1135\" data-end=\"1523\"><strong>Elyra<\/strong> incarne une f\u00e9minit\u00e9, <em>un souffle de tradition<\/em> magnifi\u00e9e par la puret\u00e9 des lignes.<br \/>\nUne cr\u00e9ation pens\u00e9e pour une mari\u00e9e qui recherche l\u2019\u00e9quilibre parfait entre h\u00e9ritage, \u00e9l\u00e9gance et allure contemporaine.<\/p>\n","protected":false},"featured_media":8883,"comment_status":"open","ping_status":"closed","template":"","meta":[],"product_brand":[],"product_cat":[94],"product_tag":[],"class_list":{"0":"post-8890","1":"product","2":"type-product","3":"status-publish","4":"has-post-thumbnail","6":"product_cat-eleganceintemporelle","8":"first","9":"instock","10":"shipping-taxable","11":"product-type-simple"},"_links":{"self":[{"href":"https:\/\/www.kenzaberrada.com\/index.php\/wp-json\/wp\/v2\/product\/8890","targetHints":{"allow":["GET"]}}],"collection":[{"href":"https:\/\/www.kenzaberrada.com\/index.php\/wp-json\/wp\/v2\/product"}],"about":[{"href":"https:\/\/www.kenzaberrada.com\/index.php\/wp-json\/wp\/v2\/types\/product"}],"replies":[{"embeddable":true,"href":"https:\/\/www.kenzaberrada.com\/index.php\/wp-json\/wp\/v2\/comments?post=8890"}],"wp:featuredmedia":[{"embeddable":true,"href":"https:\/\/www.kenzaberrada.com\/index.php\/wp-json\/wp\/v2\/media\/8883"}],"wp:attachment":[{"href":"https:\/\/www.kenzaberrada.com\/index.php\/wp-json\/wp\/v2\/media?parent=8890"}],"wp:term":[{"taxonomy":"product_brand","embeddable":true,"href":"https:\/\/www.kenzaberrada.com\/index.php\/wp-json\/wp\/v2\/product_brand?post=8890"},{"taxonomy":"product_cat","embeddable":true,"href":"https:\/\/www.kenzaberrada.com\/index.php\/wp-json\/wp\/v2\/product_cat?post=8890"},{"taxonomy":"product_tag","embeddable":true,"href":"https:\/\/www.kenzaberrada.com\/index.php\/wp-json\/wp\/v2\/product_tag?post=8890"}],"curies":[{"name":"wp","href":"https:\/\/api.w.org\/{rel}","templated":true}]}}