{"id":8878,"date":"2025-11-13T16:51:42","date_gmt":"2025-11-13T16:51:42","guid":{"rendered":"https:\/\/www.kenzaberrada.com\/?post_type=product&#038;p=8878"},"modified":"2025-12-09T20:50:40","modified_gmt":"2025-12-09T20:50:40","slug":"selham","status":"publish","type":"product","link":"https:\/\/www.kenzaberrada.com\/index.php\/product\/selham\/","title":{"rendered":"Selham"},"content":{"rendered":"<ul>\n<li><strong>Couleur<\/strong>\u00a0: Blanc Ivoire lumineux.<\/li>\n<li><strong>Tissu<\/strong>\u00a0:\n<ul>\n<li>Selham en mousseline de soie.<\/li>\n<li>Robe longue en dessous en drap de soie.<\/li>\n<\/ul>\n<\/li>\n<li><strong>Finition<\/strong>\u00a0:\n<ul>\n<li>Selham long avec un volume g\u00e9n\u00e9reux de 3 m\u00e8tres avec capuche et choucha.<\/li>\n<li>Sfifa fine et travail de broderie appliqu\u00e9s tout autour du selham et de la robe.<\/li>\n<li>Fente sur les deux c\u00f4t\u00e9s avec finition \u00ab\u00a0Sfifa\u00a0\u00bb.<\/li>\n<\/ul>\n<\/li>\n<li><strong>Coupe &amp; d\u00e9tails:<\/strong>\n<ul>\n<li>Robe longue de 1,5 m\u00e8tres au col V.<\/li>\n<li>Robe en drap de soie est con\u00e7ue pour \u00eatre modulable, offrant diff\u00e9rentes options de style (possibilit\u00e9 de la porter seule).<\/li>\n<\/ul>\n<\/li>\n<li><strong>Fermeture<\/strong>\u00a0:\n<ul>\n<li>Finition pull-on avec fermoir ajustable sur le c\u00f4t\u00e9.<\/li>\n<\/ul>\n<\/li>\n<li><strong>Taille<\/strong>\u00a0: S-M<\/li>\n<\/ul>\n","protected":false},"excerpt":{"rendered":"<p><strong>Selham<\/strong> r\u00e9invente l\u2019h\u00e9ritage avec une allure d\u2019une modernit\u00e9 subtile. Drap\u00e9 de mousseline de soie, il enveloppe la silhouette d\u2019une l\u00e9g\u00e8ret\u00e9 majestueuse, soulign\u00e9e par une \u00ab\u00a0<em>sfifa\u00a0\u00bb<\/em> fine travaill\u00e9e \u00e0 la main. Une pi\u00e8ce de tradition magnifi\u00e9e, pens\u00e9e pour dialoguer avec la robe et r\u00e9v\u00e9ler une allure souveraine.<\/p>\n","protected":false},"featured_media":8880,"comment_status":"open","ping_status":"closed","template":"","meta":[],"product_brand":[],"product_cat":[93],"product_tag":[],"class_list":{"0":"post-8878","1":"product","2":"type-product","3":"status-publish","4":"has-post-thumbnail","6":"product_cat-elegancecivile","8":"first","9":"instock","10":"shipping-taxable","11":"product-type-simple"},"_links":{"self":[{"href":"https:\/\/www.kenzaberrada.com\/index.php\/wp-json\/wp\/v2\/product\/8878","targetHints":{"allow":["GET"]}}],"collection":[{"href":"https:\/\/www.kenzaberrada.com\/index.php\/wp-json\/wp\/v2\/product"}],"about":[{"href":"https:\/\/www.kenzaberrada.com\/index.php\/wp-json\/wp\/v2\/types\/product"}],"replies":[{"embeddable":true,"href":"https:\/\/www.kenzaberrada.com\/index.php\/wp-json\/wp\/v2\/comments?post=8878"}],"wp:featuredmedia":[{"embeddable":true,"href":"https:\/\/www.kenzaberrada.com\/index.php\/wp-json\/wp\/v2\/media\/8880"}],"wp:attachment":[{"href":"https:\/\/www.kenzaberrada.com\/index.php\/wp-json\/wp\/v2\/media?parent=8878"}],"wp:term":[{"taxonomy":"product_brand","embeddable":true,"href":"https:\/\/www.kenzaberrada.com\/index.php\/wp-json\/wp\/v2\/product_brand?post=8878"},{"taxonomy":"product_cat","embeddable":true,"href":"https:\/\/www.kenzaberrada.com\/index.php\/wp-json\/wp\/v2\/product_cat?post=8878"},{"taxonomy":"product_tag","embeddable":true,"href":"https:\/\/www.kenzaberrada.com\/index.php\/wp-json\/wp\/v2\/product_tag?post=8878"}],"curies":[{"name":"wp","href":"https:\/\/api.w.org\/{rel}","templated":true}]}}