{"id":8872,"date":"2025-11-13T16:11:04","date_gmt":"2025-11-13T16:11:04","guid":{"rendered":"https:\/\/www.kenzaberrada.com\/?post_type=product&#038;p=8872"},"modified":"2025-12-04T16:22:32","modified_gmt":"2025-12-04T16:22:32","slug":"naia","status":"publish","type":"product","link":"https:\/\/www.kenzaberrada.com\/index.php\/product\/naia\/","title":{"rendered":"Na\u00efa"},"content":{"rendered":"<ul>\n<li><strong>Couleur<\/strong>\u00a0: Blanc Ivoire lumineux.<\/li>\n<li><strong>Tissu<\/strong> : Robe en dentelle, ornement de perles et plumes.<\/li>\n<li><strong>Finition<\/strong>\u00a0:\n<ul>\n<li>Enti\u00e8rement brod\u00e9e, doublure int\u00e9rieure pour un confort optimal.<\/li>\n<li>Fines bretelles orn\u00e9es d&rsquo;un d\u00e9grad\u00e9 de perles tombantes sur les \u00e9paules.<\/li>\n<li>D\u00e9collet\u00e9 en V plongeant. Dos nu, ourlet brod\u00e9.<\/li>\n<\/ul>\n<\/li>\n<li data-path-to-node=\"7,1,0\"><strong>Coupe &amp; d\u00e9tails:<\/strong>\n<ul>\n<li data-path-to-node=\"7,1,0\"><span style=\"text-transform: initial;\">Longueur midi, finition en plumes pour une allure l\u00e9g\u00e8re et festive.<\/span><\/li>\n<li data-path-to-node=\"7,1,0\"><span style=\"text-transform: initial;\">Cha\u00eene de perles drap\u00e9es sur les \u00e9paules.<\/span><\/li>\n<\/ul>\n<\/li>\n<li><strong>Fermeture<\/strong> : Fermeture invisible sur le dos.<\/li>\n<li><strong>Taille<\/strong>\u00a0: S<\/li>\n<\/ul>\n","protected":false},"excerpt":{"rendered":"<p><strong>Na\u00efa<\/strong>, une touche de glamour inspir\u00e9e des ann\u00e9es folles. Cette cr\u00e9ation capture la lumi\u00e8re \u00e0 chaque pas : les broderies scintillantes et les perles a\u00e9riennes se m\u00ealent aux franges vaporeuses, promettant une silhouette r\u00e9solument \u00e9l\u00e9gante et festive.<\/p>\n","protected":false},"featured_media":8877,"comment_status":"open","ping_status":"closed","template":"","meta":[],"product_brand":[],"product_cat":[95],"product_tag":[],"class_list":{"0":"post-8872","1":"product","2":"type-product","3":"status-publish","4":"has-post-thumbnail","6":"product_cat-lessignatures","8":"first","9":"instock","10":"shipping-taxable","11":"product-type-simple"},"_links":{"self":[{"href":"https:\/\/www.kenzaberrada.com\/index.php\/wp-json\/wp\/v2\/product\/8872","targetHints":{"allow":["GET"]}}],"collection":[{"href":"https:\/\/www.kenzaberrada.com\/index.php\/wp-json\/wp\/v2\/product"}],"about":[{"href":"https:\/\/www.kenzaberrada.com\/index.php\/wp-json\/wp\/v2\/types\/product"}],"replies":[{"embeddable":true,"href":"https:\/\/www.kenzaberrada.com\/index.php\/wp-json\/wp\/v2\/comments?post=8872"}],"wp:featuredmedia":[{"embeddable":true,"href":"https:\/\/www.kenzaberrada.com\/index.php\/wp-json\/wp\/v2\/media\/8877"}],"wp:attachment":[{"href":"https:\/\/www.kenzaberrada.com\/index.php\/wp-json\/wp\/v2\/media?parent=8872"}],"wp:term":[{"taxonomy":"product_brand","embeddable":true,"href":"https:\/\/www.kenzaberrada.com\/index.php\/wp-json\/wp\/v2\/product_brand?post=8872"},{"taxonomy":"product_cat","embeddable":true,"href":"https:\/\/www.kenzaberrada.com\/index.php\/wp-json\/wp\/v2\/product_cat?post=8872"},{"taxonomy":"product_tag","embeddable":true,"href":"https:\/\/www.kenzaberrada.com\/index.php\/wp-json\/wp\/v2\/product_tag?post=8872"}],"curies":[{"name":"wp","href":"https:\/\/api.w.org\/{rel}","templated":true}]}}