{"id":8860,"date":"2025-11-13T15:45:45","date_gmt":"2025-11-13T15:45:45","guid":{"rendered":"https:\/\/www.kenzaberrada.com\/?post_type=product&#038;p=8860"},"modified":"2025-12-04T16:44:20","modified_gmt":"2025-12-04T16:44:20","slug":"hera","status":"publish","type":"product","link":"https:\/\/www.kenzaberrada.com\/index.php\/product\/hera\/","title":{"rendered":"Hera"},"content":{"rendered":"<ul>\n<li><strong>Couleur<\/strong> : Blanc Ivoire lumineux.<\/li>\n<li><strong>Tissu<\/strong>\u00a0:\n<ul>\n<li>Robe en dentelle, ornement de perles, travaill\u00e9e sur un drap de soie.<\/li>\n<li>Doublure en soie pour un confort et un tomb\u00e9 fluide.<\/li>\n<\/ul>\n<\/li>\n<li><strong>Finition<\/strong>\u00a0:\n<ul>\n<li>Col d\u00e9collet\u00e9 en V plongeant.<\/li>\n<li>Dos nu d\u00e9collet\u00e9 en V en dentelle.<\/li>\n<li>Bordure en dentelle d\u00e9licatement appliqu\u00e9e tout autour de la robe, apportant l\u00e9g\u00e8ret\u00e9 et raffinement.<\/li>\n<\/ul>\n<\/li>\n<li data-path-to-node=\"7,1,0\"><strong>Coupe &amp; d\u00e9tails\u00a0<\/strong>: Coupe \u00e9vas\u00e9e, volume g\u00e9n\u00e9reux de 3 m\u00e8tres de drap de soie offrant une longue tra\u00eene.<\/li>\n<li><strong>Fermeture<\/strong> : Fermeture invisible sur le c\u00f4t\u00e9.<\/li>\n<li><strong>Taille<\/strong>\u00a0: S-M<\/li>\n<\/ul>\n","protected":false},"excerpt":{"rendered":"<p><strong>Hera<\/strong>, une cr\u00e9ation en dentelle perl\u00e9e et drap de soie, une incarnation de la puret\u00e9 et de l&rsquo;\u00e9l\u00e9gance. Une allure majestueuse et inoubliable pour le plus beau des jours.<\/p>\n","protected":false},"featured_media":8864,"comment_status":"open","ping_status":"closed","template":"","meta":[],"product_brand":[],"product_cat":[95],"product_tag":[],"class_list":{"0":"post-8860","1":"product","2":"type-product","3":"status-publish","4":"has-post-thumbnail","6":"product_cat-lessignatures","8":"first","9":"instock","10":"shipping-taxable","11":"product-type-simple"},"_links":{"self":[{"href":"https:\/\/www.kenzaberrada.com\/index.php\/wp-json\/wp\/v2\/product\/8860","targetHints":{"allow":["GET"]}}],"collection":[{"href":"https:\/\/www.kenzaberrada.com\/index.php\/wp-json\/wp\/v2\/product"}],"about":[{"href":"https:\/\/www.kenzaberrada.com\/index.php\/wp-json\/wp\/v2\/types\/product"}],"replies":[{"embeddable":true,"href":"https:\/\/www.kenzaberrada.com\/index.php\/wp-json\/wp\/v2\/comments?post=8860"}],"wp:featuredmedia":[{"embeddable":true,"href":"https:\/\/www.kenzaberrada.com\/index.php\/wp-json\/wp\/v2\/media\/8864"}],"wp:attachment":[{"href":"https:\/\/www.kenzaberrada.com\/index.php\/wp-json\/wp\/v2\/media?parent=8860"}],"wp:term":[{"taxonomy":"product_brand","embeddable":true,"href":"https:\/\/www.kenzaberrada.com\/index.php\/wp-json\/wp\/v2\/product_brand?post=8860"},{"taxonomy":"product_cat","embeddable":true,"href":"https:\/\/www.kenzaberrada.com\/index.php\/wp-json\/wp\/v2\/product_cat?post=8860"},{"taxonomy":"product_tag","embeddable":true,"href":"https:\/\/www.kenzaberrada.com\/index.php\/wp-json\/wp\/v2\/product_tag?post=8860"}],"curies":[{"name":"wp","href":"https:\/\/api.w.org\/{rel}","templated":true}]}}