{"id":8854,"date":"2025-11-12T21:27:55","date_gmt":"2025-11-12T21:27:55","guid":{"rendered":"https:\/\/www.kenzaberrada.com\/?post_type=product&#038;p=8854"},"modified":"2025-12-04T16:42:50","modified_gmt":"2025-12-04T16:42:50","slug":"aurora","status":"publish","type":"product","link":"https:\/\/www.kenzaberrada.com\/index.php\/product\/aurora\/","title":{"rendered":"Aurora"},"content":{"rendered":"<ul>\n<li><strong>Couleur<\/strong>\u00a0: Blanc Ivoire lumineux.<\/li>\n<li><strong>Tissu<\/strong>\u00a0:\n<ul>\n<li>Robe en dentelle brod\u00e9e et perl\u00e9e sur un tulle soyeux.<\/li>\n<li>Robe en dessous en drap de soie.<\/li>\n<\/ul>\n<\/li>\n<li><strong>Finition<\/strong>\u00a0:\n<ul>\n<li>D\u00e9collet\u00e9 en V plongeant, recouvert de dentelle brod\u00e9e.<\/li>\n<li>Manches longues en tulle soyeux, orn\u00e9es de motifs de dentelle et finies par des poignets travaill\u00e9s.<\/li>\n<li>Bordure en dentelle d\u00e9licatement appliqu\u00e9e tout autour de la robe, apportant l\u00e9g\u00e8ret\u00e9 et raffinement.<\/li>\n<\/ul>\n<\/li>\n<li data-path-to-node=\"7,1,0\"><strong>Coupe &amp; d\u00e9tails\u00a0<\/strong>:\n<ul>\n<li data-path-to-node=\"7,1,0\">Coupe ajust\u00e9e, compl\u00e9t\u00e9e par une tra\u00eene en tulle transparent drap\u00e9e sur les c\u00f4t\u00e9s.<\/li>\n<li>Robe con\u00e7ue pour \u00eatre modulable, offrant diff\u00e9rentes options de style (possibilit\u00e9 de la porter seule).<\/li>\n<\/ul>\n<\/li>\n<li><strong>Fermeture<\/strong> : Fermeture sous le la\u00e7age du corset.<\/li>\n<li><strong>Taille<\/strong> : S<\/li>\n<\/ul>\n","protected":false},"excerpt":{"rendered":"<p><strong>Aurora<\/strong>, cette cr\u00e9ation sublime la mari\u00e9e avec sa coupe ajust\u00e9e et son d\u00e9collet\u00e9 en V illusion. La dentelle perl\u00e9e et les manches en tulle s&rsquo;allient \u00e0 un tomb\u00e9 fluide, capturant la lumi\u00e8re pour une allure \u00e0 la fois romantique et majestueuse.<\/p>\n","protected":false},"featured_media":8857,"comment_status":"open","ping_status":"closed","template":"","meta":[],"product_brand":[],"product_cat":[95],"product_tag":[],"class_list":{"0":"post-8854","1":"product","2":"type-product","3":"status-publish","4":"has-post-thumbnail","6":"product_cat-lessignatures","8":"first","9":"instock","10":"shipping-taxable","11":"product-type-simple"},"_links":{"self":[{"href":"https:\/\/www.kenzaberrada.com\/index.php\/wp-json\/wp\/v2\/product\/8854","targetHints":{"allow":["GET"]}}],"collection":[{"href":"https:\/\/www.kenzaberrada.com\/index.php\/wp-json\/wp\/v2\/product"}],"about":[{"href":"https:\/\/www.kenzaberrada.com\/index.php\/wp-json\/wp\/v2\/types\/product"}],"replies":[{"embeddable":true,"href":"https:\/\/www.kenzaberrada.com\/index.php\/wp-json\/wp\/v2\/comments?post=8854"}],"wp:featuredmedia":[{"embeddable":true,"href":"https:\/\/www.kenzaberrada.com\/index.php\/wp-json\/wp\/v2\/media\/8857"}],"wp:attachment":[{"href":"https:\/\/www.kenzaberrada.com\/index.php\/wp-json\/wp\/v2\/media?parent=8854"}],"wp:term":[{"taxonomy":"product_brand","embeddable":true,"href":"https:\/\/www.kenzaberrada.com\/index.php\/wp-json\/wp\/v2\/product_brand?post=8854"},{"taxonomy":"product_cat","embeddable":true,"href":"https:\/\/www.kenzaberrada.com\/index.php\/wp-json\/wp\/v2\/product_cat?post=8854"},{"taxonomy":"product_tag","embeddable":true,"href":"https:\/\/www.kenzaberrada.com\/index.php\/wp-json\/wp\/v2\/product_tag?post=8854"}],"curies":[{"name":"wp","href":"https:\/\/api.w.org\/{rel}","templated":true}]}}