{"id":8848,"date":"2025-11-12T21:20:42","date_gmt":"2025-11-12T21:20:42","guid":{"rendered":"https:\/\/www.kenzaberrada.com\/?post_type=product&#038;p=8848"},"modified":"2025-12-04T16:42:40","modified_gmt":"2025-12-04T16:42:40","slug":"auria","status":"publish","type":"product","link":"https:\/\/www.kenzaberrada.com\/index.php\/product\/auria\/","title":{"rendered":"Auria"},"content":{"rendered":"<ul>\n<li><strong>Couleur<\/strong>\u00a0: Blanc Ivoire lumineux.<\/li>\n<li><strong>Tissu<\/strong>\u00a0:\n<ul>\n<li>Dentelle brod\u00e9e et perl\u00e9e, travaill\u00e9e sur un tulle soyeux.<\/li>\n<li>Robe en dessous en drap de soie.<\/li>\n<\/ul>\n<\/li>\n<li><strong>Finition<\/strong>\u00a0:\n<ul>\n<li>Encolure ronde, rehauss\u00e9e par la dentelle brod\u00e9e pour un effet de collier illusion.<\/li>\n<li>Dentelle enrichie de perles, apportant une brillance subtile et un relief raffin\u00e9.<\/li>\n<li>Finition galant appliqu\u00e9e tout autour de la robe, soulignant le tomb\u00e9 et apportant un d\u00e9tail artisanal et pr\u00e9cieux aux bordures.<\/li>\n<\/ul>\n<\/li>\n<li data-path-to-node=\"7,1,0\"><strong>Coupe &amp; d\u00e9tails\u00a0<\/strong>:\n<ul>\n<li>Robe ajust\u00e9e et coupe droite.<\/li>\n<li>Robe en dessous en drap de soie est con\u00e7ue pour \u00eatre modulable, offrant diff\u00e9rentes options de style (possibilit\u00e9 de la porter seule).<\/li>\n<li>Manches longues en tulle brod\u00e9, jouant sur la transparence et l&rsquo;\u00e9l\u00e9gance.<\/li>\n<\/ul>\n<\/li>\n<li><strong>Fermeture<\/strong> : Fermeture\u00a0invisible sur le c\u00f4t\u00e9.<\/li>\n<li><strong>Taille<\/strong>\u00a0: S<\/li>\n<\/ul>\n<p>&nbsp;<\/p>\n","protected":false},"excerpt":{"rendered":"<p><strong>Auria<\/strong>, symbole d&rsquo;un raffinement extr\u00eame, cette cr\u00e9ation marie la fluidit\u00e9 du drap de soie modulable \u00e0 la d\u00e9licatesse d&rsquo;une dentelle enti\u00e8rement perl\u00e9e. Les manches en tulle brod\u00e9 et la finition galant t\u00e9moignent d&rsquo;un savoir-faire artisanal, conf\u00e9rant \u00e0 la tenue une aura intemporelle et majestueuse.<\/p>\n","protected":false},"featured_media":8852,"comment_status":"open","ping_status":"closed","template":"","meta":[],"product_brand":[],"product_cat":[95],"product_tag":[],"class_list":{"0":"post-8848","1":"product","2":"type-product","3":"status-publish","4":"has-post-thumbnail","6":"product_cat-lessignatures","8":"first","9":"instock","10":"shipping-taxable","11":"product-type-simple"},"_links":{"self":[{"href":"https:\/\/www.kenzaberrada.com\/index.php\/wp-json\/wp\/v2\/product\/8848","targetHints":{"allow":["GET"]}}],"collection":[{"href":"https:\/\/www.kenzaberrada.com\/index.php\/wp-json\/wp\/v2\/product"}],"about":[{"href":"https:\/\/www.kenzaberrada.com\/index.php\/wp-json\/wp\/v2\/types\/product"}],"replies":[{"embeddable":true,"href":"https:\/\/www.kenzaberrada.com\/index.php\/wp-json\/wp\/v2\/comments?post=8848"}],"wp:featuredmedia":[{"embeddable":true,"href":"https:\/\/www.kenzaberrada.com\/index.php\/wp-json\/wp\/v2\/media\/8852"}],"wp:attachment":[{"href":"https:\/\/www.kenzaberrada.com\/index.php\/wp-json\/wp\/v2\/media?parent=8848"}],"wp:term":[{"taxonomy":"product_brand","embeddable":true,"href":"https:\/\/www.kenzaberrada.com\/index.php\/wp-json\/wp\/v2\/product_brand?post=8848"},{"taxonomy":"product_cat","embeddable":true,"href":"https:\/\/www.kenzaberrada.com\/index.php\/wp-json\/wp\/v2\/product_cat?post=8848"},{"taxonomy":"product_tag","embeddable":true,"href":"https:\/\/www.kenzaberrada.com\/index.php\/wp-json\/wp\/v2\/product_tag?post=8848"}],"curies":[{"name":"wp","href":"https:\/\/api.w.org\/{rel}","templated":true}]}}