{"id":8610,"date":"2025-11-01T20:41:37","date_gmt":"2025-11-01T20:41:37","guid":{"rendered":"https:\/\/www.kenzaberrada.com\/?post_type=product&#038;p=8610"},"modified":"2025-12-04T16:42:07","modified_gmt":"2025-12-04T16:42:07","slug":"8610","status":"publish","type":"product","link":"https:\/\/www.kenzaberrada.com\/index.php\/product\/8610\/","title":{"rendered":"Amyra"},"content":{"rendered":"<ul>\n<li><strong>Couleur<\/strong>\u00a0: Blanc Ivoire lumineux.<\/li>\n<li><strong>Tissu<\/strong>\u00a0:\n<ul>\n<li>Robe en dentelle brod\u00e9e et perl\u00e9e sur un tulle soyeux.<\/li>\n<li>Robe en dessous en drap de soie.<\/li>\n<\/ul>\n<\/li>\n<li><strong>Finition<\/strong>\u00a0:\n<ul>\n<li>Encolure ronde, rehauss\u00e9e par la dentelle brod\u00e9e pour un effet de collier illusion.<\/li>\n<li>Dos cors\u00e9 lac\u00e9, accentuant la taille et offrant une finition \u00e0 la fois traditionnelle et s\u00e9duisante.<\/li>\n<li>Bordure en dentelle d\u00e9licatement appliqu\u00e9e tout autour de la robe, apportant l\u00e9g\u00e8ret\u00e9 et raffinement.<\/li>\n<\/ul>\n<\/li>\n<li data-path-to-node=\"7,1,0\"><strong>Coupe &amp; d\u00e9tails\u00a0<\/strong>:\n<ul>\n<li data-path-to-node=\"7,1,0\">Coupe ajust\u00e9e, termin\u00e9e avec une tra\u00eene en tulle transparent s&rsquo;\u00e9tendant \u00e0 l&rsquo;arri\u00e8re.<\/li>\n<li>Robe con\u00e7ue pour \u00eatre modulable, offrant diff\u00e9rentes options de style (possibilit\u00e9 de la porter seule).<\/li>\n<\/ul>\n<\/li>\n<li><strong>Fermeture<\/strong> : Fermeture sous le la\u00e7age du corset.<\/li>\n<li><strong>Taille<\/strong> : S<\/li>\n<\/ul>\n","protected":false},"excerpt":{"rendered":"<p><strong>Amyra<\/strong> se distingue par son \u00e9l\u00e9gance souveraine. Enti\u00e8rement perl\u00e9e, cette pi\u00e8ce au corsage finement orn\u00e9 de motifs s&rsquo;accorde \u00e0 une robe en drap de soie majestueuse, soulign\u00e9e par une tra\u00eene en tulle. Amyra incarne la ma\u00eetrise du savoir-faire de la Maison, offrant \u00e0 la mari\u00e9e une allure gracieuse, confiante et rayonnante.<\/p>\n","protected":false},"featured_media":8831,"comment_status":"open","ping_status":"closed","template":"","meta":[],"product_brand":[],"product_cat":[95],"product_tag":[],"class_list":{"0":"post-8610","1":"product","2":"type-product","3":"status-publish","4":"has-post-thumbnail","6":"product_cat-lessignatures","8":"first","9":"instock","10":"shipping-taxable","11":"product-type-simple"},"_links":{"self":[{"href":"https:\/\/www.kenzaberrada.com\/index.php\/wp-json\/wp\/v2\/product\/8610","targetHints":{"allow":["GET"]}}],"collection":[{"href":"https:\/\/www.kenzaberrada.com\/index.php\/wp-json\/wp\/v2\/product"}],"about":[{"href":"https:\/\/www.kenzaberrada.com\/index.php\/wp-json\/wp\/v2\/types\/product"}],"replies":[{"embeddable":true,"href":"https:\/\/www.kenzaberrada.com\/index.php\/wp-json\/wp\/v2\/comments?post=8610"}],"wp:featuredmedia":[{"embeddable":true,"href":"https:\/\/www.kenzaberrada.com\/index.php\/wp-json\/wp\/v2\/media\/8831"}],"wp:attachment":[{"href":"https:\/\/www.kenzaberrada.com\/index.php\/wp-json\/wp\/v2\/media?parent=8610"}],"wp:term":[{"taxonomy":"product_brand","embeddable":true,"href":"https:\/\/www.kenzaberrada.com\/index.php\/wp-json\/wp\/v2\/product_brand?post=8610"},{"taxonomy":"product_cat","embeddable":true,"href":"https:\/\/www.kenzaberrada.com\/index.php\/wp-json\/wp\/v2\/product_cat?post=8610"},{"taxonomy":"product_tag","embeddable":true,"href":"https:\/\/www.kenzaberrada.com\/index.php\/wp-json\/wp\/v2\/product_tag?post=8610"}],"curies":[{"name":"wp","href":"https:\/\/api.w.org\/{rel}","templated":true}]}}