{"id":8604,"date":"2025-11-01T20:23:58","date_gmt":"2025-11-01T20:23:58","guid":{"rendered":"https:\/\/www.kenzaberrada.com\/?post_type=product&#038;p=8604"},"modified":"2025-12-04T16:38:39","modified_gmt":"2025-12-04T16:38:39","slug":"alma","status":"publish","type":"product","link":"https:\/\/www.kenzaberrada.com\/index.php\/product\/alma\/","title":{"rendered":"Alma"},"content":{"rendered":"<ul>\n<li><strong>Couleur<\/strong>\u00a0: Blanc Ivoire lumineux.<\/li>\n<li><strong>Tissu<\/strong>\u00a0:\n<ul>\n<li>Top en dentelle brod\u00e9e.<\/li>\n<li>Robe en dessous en drap de soie.<\/li>\n<\/ul>\n<\/li>\n<li><strong>Finition<\/strong>\u00a0:\n<ul>\n<li>Top modulable en dentelle brod\u00e9e.<\/li>\n<li>Galant finement brod\u00e9 pos\u00e9 en continu autour de l\u2019ourlet, signature de la Maison.<\/li>\n<\/ul>\n<\/li>\n<li><strong>Coupe &amp; d\u00e9tails:<\/strong>\n<ul>\n<li>Top au manche court. Dos d\u00e9gag\u00e9.<\/li>\n<li>Robe longue avec un volume g\u00e9n\u00e9reux de 3 m\u00e8tres de drap de soie offrant une fluidit\u00e9 naturelle.<\/li>\n<li>Robe con\u00e7ue pour \u00eatre modulable, offrant diff\u00e9rentes options de style (possibilit\u00e9 de la porter seule).<\/li>\n<li>Tra\u00eene l\u00e9g\u00e8re pour un rendu \u00e9pur\u00e9.<\/li>\n<\/ul>\n<\/li>\n<li><strong>Fermeture<\/strong>\u00a0:\n<ul>\n<li>Finition pull-on avec fermoir ajustable sur le c\u00f4t\u00e9.<\/li>\n<\/ul>\n<\/li>\n<li><strong>Taille<\/strong> : S-M<\/li>\n<\/ul>\n","protected":false},"excerpt":{"rendered":"<p><strong data-start=\"180\" data-end=\"188\">Alma<\/strong>, une silhouette qui se transforme au gr\u00e9 des envies : une robe longue avec un top en dentelle fleurie d\u2019une puret\u00e9 intemporelle, sublim\u00e9e. Une harmonie modulable, pens\u00e9e pour accompagner chaque \u00e9tape d\u2019un jour pr\u00e9cieux.<\/p>\n","protected":false},"featured_media":8904,"comment_status":"open","ping_status":"closed","template":"","meta":[],"product_brand":[],"product_cat":[94],"product_tag":[],"class_list":{"0":"post-8604","1":"product","2":"type-product","3":"status-publish","4":"has-post-thumbnail","6":"product_cat-eleganceintemporelle","8":"first","9":"instock","10":"shipping-taxable","11":"product-type-simple"},"_links":{"self":[{"href":"https:\/\/www.kenzaberrada.com\/index.php\/wp-json\/wp\/v2\/product\/8604","targetHints":{"allow":["GET"]}}],"collection":[{"href":"https:\/\/www.kenzaberrada.com\/index.php\/wp-json\/wp\/v2\/product"}],"about":[{"href":"https:\/\/www.kenzaberrada.com\/index.php\/wp-json\/wp\/v2\/types\/product"}],"replies":[{"embeddable":true,"href":"https:\/\/www.kenzaberrada.com\/index.php\/wp-json\/wp\/v2\/comments?post=8604"}],"wp:featuredmedia":[{"embeddable":true,"href":"https:\/\/www.kenzaberrada.com\/index.php\/wp-json\/wp\/v2\/media\/8904"}],"wp:attachment":[{"href":"https:\/\/www.kenzaberrada.com\/index.php\/wp-json\/wp\/v2\/media?parent=8604"}],"wp:term":[{"taxonomy":"product_brand","embeddable":true,"href":"https:\/\/www.kenzaberrada.com\/index.php\/wp-json\/wp\/v2\/product_brand?post=8604"},{"taxonomy":"product_cat","embeddable":true,"href":"https:\/\/www.kenzaberrada.com\/index.php\/wp-json\/wp\/v2\/product_cat?post=8604"},{"taxonomy":"product_tag","embeddable":true,"href":"https:\/\/www.kenzaberrada.com\/index.php\/wp-json\/wp\/v2\/product_tag?post=8604"}],"curies":[{"name":"wp","href":"https:\/\/api.w.org\/{rel}","templated":true}]}}