{"id":8599,"date":"2025-11-01T20:14:28","date_gmt":"2025-11-01T20:14:28","guid":{"rendered":"https:\/\/www.kenzaberrada.com\/?post_type=product&#038;p=8599"},"modified":"2025-12-04T16:46:37","modified_gmt":"2025-12-04T16:46:37","slug":"aphrodite","status":"publish","type":"product","link":"https:\/\/www.kenzaberrada.com\/index.php\/product\/aphrodite\/","title":{"rendered":"Aphrodite"},"content":{"rendered":"<ul>\n<li><strong>Couleur<\/strong>\u00a0: Blanc Ivoire lumineux.<\/li>\n<li><strong>Tissu<\/strong>\u00a0:\n<ul>\n<li>Robe en dentelle et mouseline de soie .<\/li>\n<\/ul>\n<\/li>\n<li><strong>Finition<\/strong>\u00a0:\n<ul>\n<li>Travail de broderie <em>\u00ab\u00a0Randa\u00a0\u00bb<\/em> autour de la taille jusqu&rsquo;au dos.<\/li>\n<li>Col et dos brod\u00e9s pour une finition couture.<\/li>\n<\/ul>\n<\/li>\n<li><strong>Coupe &amp; d\u00e9tails:<\/strong>\n<ul>\n<li>Robe longue avec 3 m\u00e8tres de mouseline de soie pour un mouvement fluide.<\/li>\n<li>Dos nu \u00e9l\u00e9gant.<\/li>\n<li>Tra\u00eene l\u00e9g\u00e8re offrant un rendu pur et lumineux.<\/li>\n<\/ul>\n<\/li>\n<li><strong>Fermeture<\/strong>\u00a0:\n<ul>\n<li>Finition pull-on avec fermoir ajustable sur le c\u00f4t\u00e9.<\/li>\n<\/ul>\n<\/li>\n<li><strong>Taille<\/strong> : S-M<\/li>\n<\/ul>\n","protected":false},"excerpt":{"rendered":"<p><strong>Aphrodite <\/strong>c\u00e9l\u00e8bre la gr\u00e2ce en mouvement : une silhouette soulign\u00e9e de broderie <em>\u00ab\u00a0Randa\u00a0\u00bb<\/em> et une mousseline de soie qui se d\u00e9ploie comme un souffle l\u00e9ger. Une cr\u00e9ation pens\u00e9e pour r\u00e9v\u00e9ler la douceur d&rsquo;une mari\u00e9e contemporaine.<\/p>\n","protected":false},"featured_media":8902,"comment_status":"open","ping_status":"closed","template":"","meta":[],"product_brand":[],"product_cat":[94],"product_tag":[],"class_list":{"0":"post-8599","1":"product","2":"type-product","3":"status-publish","4":"has-post-thumbnail","6":"product_cat-eleganceintemporelle","8":"first","9":"instock","10":"shipping-taxable","11":"product-type-simple"},"_links":{"self":[{"href":"https:\/\/www.kenzaberrada.com\/index.php\/wp-json\/wp\/v2\/product\/8599","targetHints":{"allow":["GET"]}}],"collection":[{"href":"https:\/\/www.kenzaberrada.com\/index.php\/wp-json\/wp\/v2\/product"}],"about":[{"href":"https:\/\/www.kenzaberrada.com\/index.php\/wp-json\/wp\/v2\/types\/product"}],"replies":[{"embeddable":true,"href":"https:\/\/www.kenzaberrada.com\/index.php\/wp-json\/wp\/v2\/comments?post=8599"}],"wp:featuredmedia":[{"embeddable":true,"href":"https:\/\/www.kenzaberrada.com\/index.php\/wp-json\/wp\/v2\/media\/8902"}],"wp:attachment":[{"href":"https:\/\/www.kenzaberrada.com\/index.php\/wp-json\/wp\/v2\/media?parent=8599"}],"wp:term":[{"taxonomy":"product_brand","embeddable":true,"href":"https:\/\/www.kenzaberrada.com\/index.php\/wp-json\/wp\/v2\/product_brand?post=8599"},{"taxonomy":"product_cat","embeddable":true,"href":"https:\/\/www.kenzaberrada.com\/index.php\/wp-json\/wp\/v2\/product_cat?post=8599"},{"taxonomy":"product_tag","embeddable":true,"href":"https:\/\/www.kenzaberrada.com\/index.php\/wp-json\/wp\/v2\/product_tag?post=8599"}],"curies":[{"name":"wp","href":"https:\/\/api.w.org\/{rel}","templated":true}]}}