{"id":8584,"date":"2025-11-01T19:52:04","date_gmt":"2025-11-01T19:52:04","guid":{"rendered":"https:\/\/www.kenzaberrada.com\/?post_type=product&#038;p=8584"},"modified":"2025-12-10T14:14:11","modified_gmt":"2025-12-10T14:14:11","slug":"8584","status":"publish","type":"product","link":"https:\/\/www.kenzaberrada.com\/index.php\/product\/8584\/","title":{"rendered":"Ayline"},"content":{"rendered":"<ul>\n<li><strong>Couleur<\/strong>\u00a0: Blanc Ivoire lumineux.<\/li>\n<li><strong>Tissu<\/strong>\u00a0:\n<ul>\n<li>Top en dentelle brod\u00e9e.<\/li>\n<li>Pantalon en drap de soie.<\/li>\n<\/ul>\n<\/li>\n<li><strong>Finition<\/strong>\u00a0:\n<ul>\n<li>Top ajust\u00e9 avec une doublure en soie pour un rendu \u00e9pur\u00e9.<\/li>\n<li>Pantalon avec un ourlet \u00ab\u00a0sfifa\u00a0\u00bb brod\u00e9 \u00e0 la main.<\/li>\n<\/ul>\n<\/li>\n<li><strong>Coupe &amp; d\u00e9tails:<\/strong>\n<ul>\n<li>Top avec manche courte. Dos nus.<\/li>\n<li>Pantalon large \u00e0 taille haute avec plis structur\u00e9s.<\/li>\n<\/ul>\n<\/li>\n<li><strong>Fermeture<\/strong>\u00a0:\n<ul>\n<li>Finition pull-on avec fermoir ajustable sur le dos.<\/li>\n<li>Pantalon avec fermeture\u00a0invisible sur le c\u00f4t\u00e9.<\/li>\n<\/ul>\n<\/li>\n<li><strong>Taille<\/strong> : S (Top) &#8211; Pantalon disponible en S\/M\/L.<\/li>\n<\/ul>\n","protected":false},"excerpt":{"rendered":"<p><strong>Ayline<\/strong> d\u00e9voile une \u00e9l\u00e9gance libre. Un top en dentelle brod\u00e9e, termin\u00e9 par un ourlet \u00ab\u00a0<em>sfifa\u00a0\u00bb <\/em>pour une touche de raffinement. Il s&rsquo;associe \u00e0 un pantalon en drap de soie fluide qui allonge la silhouette avec modernit\u00e9. Une cr\u00e9ation pens\u00e9e pour sublimer la mari\u00e9e lors d\u2019un mariage civil, d\u2019une c\u00e9r\u00e9monie intime, d\u2019une soir\u00e9e \u00e9l\u00e9gante ou de tout instant o\u00f9 l\u2019\u00e9l\u00e9gance se veut inoubliable.<\/p>\n","protected":false},"featured_media":8915,"comment_status":"open","ping_status":"closed","template":"","meta":[],"product_brand":[],"product_cat":[93],"product_tag":[],"class_list":{"0":"post-8584","1":"product","2":"type-product","3":"status-publish","4":"has-post-thumbnail","6":"product_cat-elegancecivile","8":"first","9":"instock","10":"shipping-taxable","11":"product-type-simple"},"_links":{"self":[{"href":"https:\/\/www.kenzaberrada.com\/index.php\/wp-json\/wp\/v2\/product\/8584","targetHints":{"allow":["GET"]}}],"collection":[{"href":"https:\/\/www.kenzaberrada.com\/index.php\/wp-json\/wp\/v2\/product"}],"about":[{"href":"https:\/\/www.kenzaberrada.com\/index.php\/wp-json\/wp\/v2\/types\/product"}],"replies":[{"embeddable":true,"href":"https:\/\/www.kenzaberrada.com\/index.php\/wp-json\/wp\/v2\/comments?post=8584"}],"wp:featuredmedia":[{"embeddable":true,"href":"https:\/\/www.kenzaberrada.com\/index.php\/wp-json\/wp\/v2\/media\/8915"}],"wp:attachment":[{"href":"https:\/\/www.kenzaberrada.com\/index.php\/wp-json\/wp\/v2\/media?parent=8584"}],"wp:term":[{"taxonomy":"product_brand","embeddable":true,"href":"https:\/\/www.kenzaberrada.com\/index.php\/wp-json\/wp\/v2\/product_brand?post=8584"},{"taxonomy":"product_cat","embeddable":true,"href":"https:\/\/www.kenzaberrada.com\/index.php\/wp-json\/wp\/v2\/product_cat?post=8584"},{"taxonomy":"product_tag","embeddable":true,"href":"https:\/\/www.kenzaberrada.com\/index.php\/wp-json\/wp\/v2\/product_tag?post=8584"}],"curies":[{"name":"wp","href":"https:\/\/api.w.org\/{rel}","templated":true}]}}