{"id":9596,"date":"2025-11-30T19:36:04","date_gmt":"2025-11-30T19:36:04","guid":{"rendered":"https:\/\/www.kenzaberrada.com\/?page_id=9596"},"modified":"2026-04-02T12:22:09","modified_gmt":"2026-04-02T12:22:09","slug":"reservation","status":"publish","type":"page","link":"https:\/\/www.kenzaberrada.com\/index.php\/reservation\/","title":{"rendered":""},"content":{"rendered":"\t\t<div data-elementor-type=\"wp-page\" data-elementor-id=\"9596\" class=\"elementor elementor-9596\" data-elementor-post-type=\"page\">\n\t\t\t\t<div class=\"elementor-element elementor-element-a48e786 e-flex e-con-boxed e-con e-parent\" data-id=\"a48e786\" data-element_type=\"container\">\n\t\t\t\t\t<div class=\"e-con-inner\">\n\t\t\t\t<div class=\"elementor-element elementor-element-cf80d32 elementor-widget elementor-widget-bisou_core_section_title\" data-id=\"cf80d32\" data-element_type=\"widget\" data-widget_type=\"bisou_core_section_title.default\">\n\t\t\t\t<div class=\"elementor-widget-container\">\n\t\t\t\t\t<div class=\"qodef-shortcode qodef-m qodef-section-title qodef-alignment--center qodef--has-appear\">\n\t\t\t<h2 class=\"qodef-m-title\" >\n\t\t\t\t\tEssayage priv\u00e9\t\t\t<\/h2>\n\t\t<p class=\"qodef-m-text\" > Sur rendez-vous uniquement.<\/p>\n<\/div>\n\t\t\t\t<\/div>\n\t\t\t\t<\/div>\n\t\t\t\t\t<\/div>\n\t\t\t\t<\/div>\n\t\t<div class=\"elementor-element elementor-element-3c03ea3 e-flex e-con-boxed e-con e-parent\" data-id=\"3c03ea3\" data-element_type=\"container\">\n\t\t\t\t\t<div class=\"e-con-inner\">\n\t\t\t\t<div class=\"elementor-element elementor-element-4a9b034 elementor-widget elementor-widget-text-editor\" data-id=\"4a9b034\" data-element_type=\"widget\" data-widget_type=\"text-editor.default\">\n\t\t\t\t\t\t\t\t\t<p><strong>Chaque robe commence par une rencontre\u2026<\/strong><\/p><p>Nous vous accueillons dans un cadre intime, au c\u0153ur de notre cocon parisien, pour un moment enti\u00e8rement d\u00e9di\u00e9 \u00e0 vous.<\/p><p>Votre essayage priv\u00e9 dure 1h30, un temps privil\u00e9gi\u00e9 pour d\u00e9couvrir nos cr\u00e9ations, ou imaginer la robe qui vous accompagnera le jour J.<\/p><p>Gr\u00e2ce \u00e0 notre expertise en style et en morphologie, nous vous guidons avec pr\u00e9cision dans le choix des mati\u00e8res et des d\u00e9tails qui vous sublimeront.<\/p><p>Votre essayage priv\u00e9, incluant cet accompagnement personnalis\u00e9, est propos\u00e9 \u00e0 25\u20ac, d\u00e9ductibles de votre cr\u00e9ation choisie. Si vous choisissez de r\u00e9aliser votre robe au sein de la Maison, un acompte de 30% permettra de lancer le travail en atelier.<\/p><p><span style=\"text-transform: initial;\">Nos cr\u00e9ations sur mesure n\u00e9cessitent environ 3 mois de confection, permettant un travail minutieux et des ajustements sur mesure, avec un rendez-vous interm\u00e9diaire d\u00e9di\u00e9.<\/span><\/p><p>Pour pr\u00e9server l\u2019intimit\u00e9 et la douceur de ce moment, nous vous recommandons de venir accompagn\u00e9e de 3 proches maximum.<\/p><p>En cas d\u2019emp\u00eachement, nous vous remercions de nous pr\u00e9venir 48 h \u00e0 l\u2019avance. Pass\u00e9 ce d\u00e9lai, le rendez-vous ne pourra pas \u00eatre rembours\u00e9.<\/p><p><strong>Ce moment est avant tout une rencontre, une premi\u00e8re \u00e9tape pour ressentir, imaginer\u2026 et peut-\u00eatre commencer une histoire.<\/strong><\/p>\t\t\t\t\t\t\t\t<\/div>\n\t\t\t\t\t<\/div>\n\t\t\t\t<\/div>\n\t\t<div class=\"elementor-element elementor-element-0bccd12 e-flex e-con-boxed e-con e-parent\" data-id=\"0bccd12\" data-element_type=\"container\">\n\t\t\t\t\t<div class=\"e-con-inner\">\n\t\t\t\t<div class=\"elementor-element elementor-element-647074f elementor-widget-divider--view-line elementor-widget elementor-widget-divider\" data-id=\"647074f\" data-element_type=\"widget\" data-widget_type=\"divider.default\">\n\t\t\t\t\t\t\t<div class=\"elementor-divider\">\n\t\t\t<span class=\"elementor-divider-separator\">\n\t\t\t\t\t\t<\/span>\n\t\t<\/div>\n\t\t\t\t\t\t<\/div>\n\t\t\t\t\t<\/div>\n\t\t\t\t<\/div>\n\t\t<div class=\"elementor-element elementor-element-d6c5469 e-flex e-con-boxed e-con e-parent\" data-id=\"d6c5469\" data-element_type=\"container\">\n\t\t\t\t\t<div class=\"e-con-inner\">\n\t\t<div class=\"elementor-element elementor-element-e776176 e-con-full e-flex e-con e-child\" data-id=\"e776176\" data-element_type=\"container\" data-settings=\"{&quot;background_background&quot;:&quot;classic&quot;}\">\n\t\t\t\t<div class=\"elementor-element elementor-element-b1ec590 elementor-widget__width-inherit elementor-widget elementor-widget-wp-widget-bisou_core_contact_form_7\" data-id=\"b1ec590\" data-element_type=\"widget\" data-widget_type=\"wp-widget-bisou_core_contact_form_7.default\">\n\t\t\t\t<div class=\"elementor-widget-container\">\n\t\t\t\t\t\t\t\t<div class=\"qodef-contact-form-7\">\n\t\t\t\t\n<div class=\"wpcf7 no-js\" id=\"wpcf7-f8252-o1\" lang=\"en-US\" dir=\"ltr\" data-wpcf7-id=\"8252\">\n<div class=\"screen-reader-response\"><p role=\"status\" aria-live=\"polite\" aria-atomic=\"true\"><\/p> <ul><\/ul><\/div>\n<form action=\"\/index.php\/wp-json\/wp\/v2\/pages\/9596#wpcf7-f8252-o1\" method=\"post\" class=\"wpcf7-form init\" aria-label=\"Contact form\" novalidate=\"novalidate\" data-status=\"init\">\n<fieldset class=\"hidden-fields-container\"><input type=\"hidden\" name=\"_wpcf7\" value=\"8252\" \/><input type=\"hidden\" name=\"_wpcf7_version\" value=\"6.1.2\" \/><input type=\"hidden\" name=\"_wpcf7_locale\" value=\"en_US\" \/><input type=\"hidden\" name=\"_wpcf7_unit_tag\" value=\"wpcf7-f8252-o1\" \/><input type=\"hidden\" name=\"_wpcf7_container_post\" value=\"0\" \/><input type=\"hidden\" name=\"_wpcf7_posted_data_hash\" value=\"\" \/>\n<\/fieldset>\n<h3 class=\"kenza-title\">R\u00e9servez votre essayage priv\u00e9<\/h3>\n\n<!-- Identit\u00e9 -->\n<label><strong>Pr\u00e9nom & Nom<\/strong><\/label>\n<span class=\"wpcf7-form-control-wrap\" data-name=\"nom\"><input size=\"40\" maxlength=\"400\" class=\"wpcf7-form-control wpcf7-text wpcf7-validates-as-required\" aria-required=\"true\" aria-invalid=\"false\" placeholder=\"Votre nom complet\" value=\"\" type=\"text\" name=\"nom\" \/><\/span>\n\n<label><strong>Adresse E-mail<\/strong><\/label>\n<span class=\"wpcf7-form-control-wrap\" data-name=\"email\"><input size=\"40\" maxlength=\"400\" class=\"wpcf7-form-control wpcf7-email wpcf7-validates-as-required wpcf7-text wpcf7-validates-as-email\" aria-required=\"true\" aria-invalid=\"false\" placeholder=\"exemple@email.com\" value=\"\" type=\"email\" name=\"email\" \/><\/span>\n\n<label><strong>Num\u00e9ro de t\u00e9l\u00e9phone<\/strong><\/label>\n<span class=\"wpcf7-form-control-wrap\" data-name=\"telephone\"><input size=\"40\" maxlength=\"400\" class=\"wpcf7-form-control wpcf7-tel wpcf7-validates-as-required wpcf7-text wpcf7-validates-as-tel\" aria-required=\"true\" aria-invalid=\"false\" placeholder=\"+33...\" value=\"\" type=\"tel\" name=\"telephone\" \/><\/span>\n\n<hr>\n\n<!-- Budget -->\n<label><strong>Budget estim\u00e9 pour la robe<\/strong><\/label>\n<span class=\"wpcf7-form-control-wrap\" data-name=\"budget\"><select class=\"wpcf7-form-control wpcf7-select wpcf7-validates-as-required\" aria-required=\"true\" aria-invalid=\"false\" name=\"budget\"><option value=\"\">Choisissez une valeur<\/option><option value=\"400\u20ac \u2013 800\u20ac\">400\u20ac \u2013 800\u20ac<\/option><option value=\"800\u20ac \u2013 1200\u20ac\">800\u20ac \u2013 1200\u20ac<\/option><option value=\"1200\u20ac \u2013 1500\u20ac\">1200\u20ac \u2013 1500\u20ac<\/option><option value=\"Plus de 1500\u20ac\">Plus de 1500\u20ac<\/option><\/select><\/span>\n\n<hr>\n\n<!-- Accompagnants -->\n<label><strong>Souhaitez-vous venir accompagn\u00e9e ?<\/strong><\/label>\n<span class=\"wpcf7-form-control-wrap\" data-name=\"accompagnee\"><select class=\"wpcf7-form-control wpcf7-select\" aria-invalid=\"false\" name=\"accompagnee\"><option value=\"\">Choisissez une valeur<\/option><option value=\"Oui\">Oui<\/option><option value=\"Non\">Non<\/option><\/select><\/span>\n\n<label><strong>Si oui, combien de personnes ?<\/strong><\/label>\n<span class=\"wpcf7-form-control-wrap\" data-name=\"personnes\"><input class=\"wpcf7-form-control wpcf7-number wpcf7-validates-as-number\" min=\"1\" max=\"5\" aria-invalid=\"false\" placeholder=\"Ex : 2\" value=\"\" type=\"number\" name=\"personnes\" \/><\/span>\n\n<hr>\n\n<!-- Consentement -->\n<label class=\"kenza-checkbox\">\n  <span class=\"wpcf7-form-control-wrap\" data-name=\"consentement\"><span class=\"wpcf7-form-control wpcf7-checkbox wpcf7-validates-as-required\"><span class=\"wpcf7-list-item first last\"><input type=\"checkbox\" name=\"consentement[]\" value=\"J\u2019accepte de recevoir des offres exclusives et des informations de la Maison Kenza Berrada.\" \/><span class=\"wpcf7-list-item-label\">J\u2019accepte de recevoir des offres exclusives et des informations de la Maison Kenza Berrada.<\/span><\/span><\/span><\/span>\n<\/label>\n\n<button class=\"wpcf7-form-control wpcf7-submit kenza-btn qodef-button qodef-size--normal qodef-layout--filled qodef-m\" type=\"submit\"><span class=\"qodef-m-text\">Envoyer ma demande<\/span><\/button>\n\n<div style=\"margin-bottom: 40px;\"><\/div><p style=\"display: none !important;\" class=\"akismet-fields-container\" data-prefix=\"_wpcf7_ak_\"><label>&#916;<textarea name=\"_wpcf7_ak_hp_textarea\" cols=\"45\" rows=\"8\" maxlength=\"100\"><\/textarea><\/label><input type=\"hidden\" id=\"ak_js_1\" name=\"_wpcf7_ak_js\" value=\"189\"\/><script>document.getElementById( \"ak_js_1\" ).setAttribute( \"value\", ( new Date() ).getTime() );<\/script><\/p><div class=\"wpcf7-response-output\" aria-hidden=\"true\"><\/div>\n<\/form>\n<\/div>\n\t\t\t<\/div>\n\t\t\t\t\t\t\t<\/div>\n\t\t\t\t<\/div>\n\t\t\t\t<\/div>\n\t\t\t\t\t<\/div>\n\t\t\t\t<\/div>\n\t\t<div class=\"elementor-element elementor-element-66fa2f8 e-flex e-con-boxed e-con e-parent\" data-id=\"66fa2f8\" data-element_type=\"container\">\n\t\t\t\t\t<div class=\"e-con-inner\">\n\t\t\t\t<div class=\"elementor-element elementor-element-c56b31f elementor-widget-divider--view-line elementor-widget elementor-widget-divider\" data-id=\"c56b31f\" data-element_type=\"widget\" data-widget_type=\"divider.default\">\n\t\t\t\t\t\t\t<div class=\"elementor-divider\">\n\t\t\t<span class=\"elementor-divider-separator\">\n\t\t\t\t\t\t<\/span>\n\t\t<\/div>\n\t\t\t\t\t\t<\/div>\n\t\t\t\t\t<\/div>\n\t\t\t\t<\/div>\n\t\t<div class=\"elementor-element elementor-element-71bd08d e-flex e-con-boxed e-con e-parent\" data-id=\"71bd08d\" data-element_type=\"container\">\n\t\t\t\t\t<div class=\"e-con-inner\">\n\t\t<div class=\"elementor-element elementor-element-d1788dc e-con-full e-flex e-con e-child\" data-id=\"d1788dc\" data-element_type=\"container\">\n\t\t<div class=\"elementor-element elementor-element-69cf139 e-con-full e-flex e-con e-child\" data-id=\"69cf139\" data-element_type=\"container\">\n\t\t\t\t<div class=\"elementor-element elementor-element-2deee12 elementor-widget elementor-widget-bisou_core_section_title\" data-id=\"2deee12\" data-element_type=\"widget\" data-widget_type=\"bisou_core_section_title.default\">\n\t\t\t\t<div class=\"elementor-widget-container\">\n\t\t\t\t\t<div class=\"qodef-shortcode qodef-m qodef-section-title qodef-alignment--left qodef--has-appear\">\n\t\t\t<h3 class=\"qodef-m-title\" >\n\t\t\t\t\tcontact info\t\t\t<\/h3>\n\t<\/div>\n\t\t\t\t<\/div>\n\t\t\t\t<\/div>\n\t\t<div class=\"elementor-element elementor-element-975301a e-grid e-con-boxed e-con e-child\" data-id=\"975301a\" data-element_type=\"container\">\n\t\t\t\t\t<div class=\"e-con-inner\">\n\t\t\t\t<div class=\"elementor-element elementor-element-a9bd922 elementor-widget elementor-widget-bisou_core_icon_with_text\" data-id=\"a9bd922\" data-element_type=\"widget\" data-widget_type=\"bisou_core_icon_with_text.default\">\n\t\t\t\t<div class=\"elementor-widget-container\">\n\t\t\t\t\t<div class=\"qodef-shortcode qodef-m qodef-icon-with-text qodef-layout--before-title qodef--custom-icon\">\n\t<div class=\"qodef-m-content\">\n\t\t\t<p class=\"qodef-m-title\" >\n\t\t\t\t\t<a itemprop=\"url\" href=\"https:\/\/www.google.com\/maps\/place\/10+White+St,+New+York,+NY+10013,+%D0%A1%D1%98%D0%B5%D0%B4%D0%B8%D1%9A%D0%B5%D0%BD%D0%B5+%D0%94%D1%80%D0%B6%D0%B0%D0%B2%D0%B5\/@40.7192711,-74.0068654,18z\/data=!4m14!1m7!3m6!1s0x89c2598aacb4bb2f:0x38c5e64bc037bc99!2sTerra!8m2!3d40.7191892!4d-74.0060229!16s%2Fg%2F1pp2x5n2q!3m5!1s0x89c2598abb2a06d9:0xb95d04fd35a73764!8m2!3d40.7193468!4d-74.0057203!16s%2Fg%2F11cs8d7y0h?entry=ttu\" target=\"_blank\">\n\t\t\t\t\t<span class=\"qodef-m-title-inner\">\n\t\t\t\t<span class=\"qodef-m-icon-wrapper\">\n\t\t\t\t\t<img decoding=\"async\" width=\"22\" height=\"22\" src=\"https:\/\/www.kenzaberrada.com\/wp-content\/uploads\/2024\/06\/contact-icon-1.png\" class=\"attachment-full size-full\" alt=\"contact-icon-1\" \/>\t\t\t\t<\/span>\n\t\t\t\t<span class=\"qodef-m-title-text\">\n\t\t\t\t\tParis 14e - France\t\t\t\t<\/span>\n\t\t\t<\/span>\n\t\t\t\t\t<\/a>\n\t\t\t<\/p>\n\t\t\t<\/div>\n<\/div>\n\t\t\t\t<\/div>\n\t\t\t\t<\/div>\n\t\t\t\t<div class=\"elementor-element elementor-element-a1b0373 elementor-widget elementor-widget-bisou_core_icon_with_text\" data-id=\"a1b0373\" data-element_type=\"widget\" data-widget_type=\"bisou_core_icon_with_text.default\">\n\t\t\t\t<div class=\"elementor-widget-container\">\n\t\t\t\t\t<div class=\"qodef-shortcode qodef-m qodef-icon-with-text qodef-layout--before-title qodef--custom-icon\">\n\t<div class=\"qodef-m-content\">\n\t\t\t<p class=\"qodef-m-title\" >\n\t\t\t\t\t<a itemprop=\"url\" href=\"mailto:info@kenzaberrada.com\" target=\"_self\">\n\t\t\t\t\t<span class=\"qodef-m-title-inner\">\n\t\t\t\t<span class=\"qodef-m-icon-wrapper\">\n\t\t\t\t\t<img decoding=\"async\" width=\"22\" height=\"16\" src=\"https:\/\/www.kenzaberrada.com\/wp-content\/uploads\/2024\/06\/contact-icon-2.png\" class=\"attachment-full size-full\" alt=\"a\" \/>\t\t\t\t<\/span>\n\t\t\t\t<span class=\"qodef-m-title-text\">\n\t\t\t\t\tinfo@kenzaberrada.com\t\t\t\t<\/span>\n\t\t\t<\/span>\n\t\t\t\t\t<\/a>\n\t\t\t<\/p>\n\t\t\t<\/div>\n<\/div>\n\t\t\t\t<\/div>\n\t\t\t\t<\/div>\n\t\t\t\t\t<\/div>\n\t\t\t\t<\/div>\n\t\t<div class=\"elementor-element elementor-element-39c77e6 e-grid e-con-boxed e-con e-child\" data-id=\"39c77e6\" data-element_type=\"container\">\n\t\t\t\t\t<div class=\"e-con-inner\">\n\t\t\t\t\t<\/div>\n\t\t\t\t<\/div>\n\t\t\t\t<\/div>\n\t\t<div class=\"elementor-element elementor-element-8a25142 e-con-full e-flex e-con e-child\" data-id=\"8a25142\" data-element_type=\"container\">\n\t\t\t\t<div class=\"elementor-element elementor-element-a32f7a2 elementor-widget elementor-widget-google_maps\" data-id=\"a32f7a2\" data-element_type=\"widget\" data-widget_type=\"google_maps.default\">\n\t\t\t\t\t\t\t<div class=\"elementor-custom-embed\">\n\t\t\t<iframe loading=\"lazy\"\n\t\t\t\t\tsrc=\"https:\/\/maps.google.com\/maps?q=paris&#038;t=m&#038;z=12&#038;output=embed&#038;iwloc=near\"\n\t\t\t\t\ttitle=\"paris\"\n\t\t\t\t\taria-label=\"paris\"\n\t\t\t><\/iframe>\n\t\t<\/div>\n\t\t\t\t\t\t<\/div>\n\t\t\t\t<\/div>\n\t\t\t\t<\/div>\n\t\t\t\t\t<\/div>\n\t\t\t\t<\/div>\n\t\t<div class=\"elementor-element elementor-element-8af1b88 e-flex e-con-boxed e-con e-parent\" data-id=\"8af1b88\" data-element_type=\"container\">\n\t\t\t\t\t<div class=\"e-con-inner\">\n\t\t\t\t<div class=\"elementor-element elementor-element-682f80d elementor-widget-divider--view-line elementor-widget elementor-widget-divider\" data-id=\"682f80d\" data-element_type=\"widget\" data-widget_type=\"divider.default\">\n\t\t\t\t\t\t\t<div class=\"elementor-divider\">\n\t\t\t<span class=\"elementor-divider-separator\">\n\t\t\t\t\t\t<\/span>\n\t\t<\/div>\n\t\t\t\t\t\t<\/div>\n\t\t\t\t\t<\/div>\n\t\t\t\t<\/div>\n\t\t\t\t<\/div>\n\t\t","protected":false},"excerpt":{"rendered":"<p>Essayage priv\u00e9 Sur rendez-vous uniquement. Chaque robe commence par une rencontre\u2026 Nous vous accueillons dans un cadre intime, au c\u0153ur de notre cocon parisien, pour un moment enti\u00e8rement d\u00e9di\u00e9 \u00e0 vous. Votre essayage priv\u00e9 dure 1h30, un temps privil\u00e9gi\u00e9 pour d\u00e9couvrir nos cr\u00e9ations, ou imaginer la robe qui vous accompagnera le jour J. Gr\u00e2ce \u00e0 [&hellip;]<\/p>\n","protected":false},"author":1,"featured_media":0,"parent":0,"menu_order":0,"comment_status":"closed","ping_status":"closed","template":"page-full-width.php","meta":{"footnotes":""},"class_list":["post-9596","page","type-page","status-publish","hentry"],"_links":{"self":[{"href":"https:\/\/www.kenzaberrada.com\/index.php\/wp-json\/wp\/v2\/pages\/9596","targetHints":{"allow":["GET"]}}],"collection":[{"href":"https:\/\/www.kenzaberrada.com\/index.php\/wp-json\/wp\/v2\/pages"}],"about":[{"href":"https:\/\/www.kenzaberrada.com\/index.php\/wp-json\/wp\/v2\/types\/page"}],"author":[{"embeddable":true,"href":"https:\/\/www.kenzaberrada.com\/index.php\/wp-json\/wp\/v2\/users\/1"}],"replies":[{"embeddable":true,"href":"https:\/\/www.kenzaberrada.com\/index.php\/wp-json\/wp\/v2\/comments?post=9596"}],"version-history":[{"count":93,"href":"https:\/\/www.kenzaberrada.com\/index.php\/wp-json\/wp\/v2\/pages\/9596\/revisions"}],"predecessor-version":[{"id":10117,"href":"https:\/\/www.kenzaberrada.com\/index.php\/wp-json\/wp\/v2\/pages\/9596\/revisions\/10117"}],"wp:attachment":[{"href":"https:\/\/www.kenzaberrada.com\/index.php\/wp-json\/wp\/v2\/media?parent=9596"}],"curies":[{"name":"wp","href":"https:\/\/api.w.org\/{rel}","templated":true}]}}