{"id":3355,"date":"2024-06-17T20:19:59","date_gmt":"2024-06-17T20:19:59","guid":{"rendered":"https:\/\/bisou.qodeinteractive.com\/?page_id=3355"},"modified":"2026-01-07T14:30:25","modified_gmt":"2026-01-07T14:30:25","slug":"our-story","status":"publish","type":"page","link":"https:\/\/www.kenzaberrada.com\/index.php\/our-story\/","title":{"rendered":""},"content":{"rendered":"\t\t<div data-elementor-type=\"wp-page\" data-elementor-id=\"3355\" class=\"elementor elementor-3355\" data-elementor-post-type=\"page\">\n\t\t\t\t<div class=\"elementor-element elementor-element-c936a34 e-con-full e-flex e-con e-parent\" data-id=\"c936a34\" data-element_type=\"container\">\n\t\t\t\t<div class=\"elementor-element elementor-element-6e4b14c elementor-widget-divider--view-line elementor-widget elementor-widget-divider\" data-id=\"6e4b14c\" data-element_type=\"widget\" data-widget_type=\"divider.default\">\n\t\t\t\t\t\t\t<div class=\"elementor-divider\">\n\t\t\t<span class=\"elementor-divider-separator\">\n\t\t\t\t\t\t<\/span>\n\t\t<\/div>\n\t\t\t\t\t\t<\/div>\n\t\t\t\t<\/div>\n\t\t<div class=\"elementor-element elementor-element-9023082 e-con-full e-flex e-con e-parent\" data-id=\"9023082\" data-element_type=\"container\">\n\t\t\t\t<div class=\"elementor-element elementor-element-62232db elementor-widget elementor-widget-bisou_core_section_title\" data-id=\"62232db\" data-element_type=\"widget\" data-widget_type=\"bisou_core_section_title.default\">\n\t\t\t\t<div class=\"elementor-widget-container\">\n\t\t\t\t\t<div class=\"qodef-shortcode qodef-m qodef-section-title qodef-alignment--center qodef--has-appear\">\n\t\t\t<h1 class=\"qodef-m-title\" >\n\t\t\t\t\tNotre histoire\t\t\t<\/h1>\n\t\t<p class=\"qodef-m-text\" >Un h\u00e9ritage vivant<\/p>\n<\/div>\n\t\t\t\t<\/div>\n\t\t\t\t<\/div>\n\t\t\t\t<\/div>\n\t\t<div class=\"elementor-element elementor-element-0fd8c6f e-flex e-con-boxed e-con e-parent\" data-id=\"0fd8c6f\" data-element_type=\"container\">\n\t\t\t\t\t<div class=\"e-con-inner\">\n\t\t<div class=\"elementor-element elementor-element-141d7f7 e-con-full e-flex e-con e-child\" data-id=\"141d7f7\" data-element_type=\"container\">\n\t\t\t\t<div class=\"elementor-element elementor-element-b53ef35 elementor-widget__width-initial elementor-widget elementor-widget-text-editor\" data-id=\"b53ef35\" data-element_type=\"widget\" data-widget_type=\"text-editor.default\">\n\t\t\t\t\t\t\t\t\t<p>La <strong>Maison Kenza Berrada<\/strong> puise sa force dans un h\u00e9ritage vivant, transmis avec passion de g\u00e9n\u00e9ration en g\u00e9n\u00e9ration.<br \/>Dans cette famille, la couture ne s\u2019apprend pas : elle se vit et se transmet.<\/p><p>Form\u00e9e aux m\u00e9tiers de la mode et nourrie par un parcours en marketing digital \u00e0 Paris, <strong>Kenza<\/strong> r\u00e9unit deux univers qui fa\u00e7onnent son inspiration :<br \/><em><strong>F\u00e8s<\/strong>, berceau des broderies traditionnelles.<br \/><strong>Paris<\/strong>, capitale de la couture contemporaine.<\/em><\/p><p>De cette rencontre na\u00eet une ambition : cr\u00e9er des robes qui racontent une histoire. Chaque pi\u00e8ce refl\u00e8te une qu\u00eate d\u2019authenticit\u00e9, le respect du geste artisanal pour offrir une \u00e9l\u00e9gance unique.<\/p>\t\t\t\t\t\t\t\t<\/div>\n\t\t\t\t<\/div>\n\t\t<div class=\"elementor-element elementor-element-f038c3d e-con-full e-flex e-con e-child\" data-id=\"f038c3d\" data-element_type=\"container\">\n\t\t\t\t<div class=\"elementor-element elementor-element-ff8a29e elementor-widget__width-initial elementor-invisible elementor-widget elementor-widget-image\" data-id=\"ff8a29e\" data-element_type=\"widget\" data-settings=\"{&quot;_animation&quot;:&quot;fadeIn&quot;}\" data-widget_type=\"image.default\">\n\t\t\t\t\t\t\t\t\t\t\t\t\t\t\t<img fetchpriority=\"high\" decoding=\"async\" width=\"650\" height=\"650\" src=\"https:\/\/www.kenzaberrada.com\/wp-content\/uploads\/2025\/11\/kenza-berrada-650x650.jpg\" class=\"attachment-bisou_core_image_size_square size-bisou_core_image_size_square wp-image-9138\" alt=\"\" srcset=\"https:\/\/www.kenzaberrada.com\/wp-content\/uploads\/2025\/11\/kenza-berrada-650x650.jpg 650w, https:\/\/www.kenzaberrada.com\/wp-content\/uploads\/2025\/11\/kenza-berrada-300x300.jpg 300w, https:\/\/www.kenzaberrada.com\/wp-content\/uploads\/2025\/11\/kenza-berrada-1024x1024.jpg 1024w, https:\/\/www.kenzaberrada.com\/wp-content\/uploads\/2025\/11\/kenza-berrada-150x150.jpg 150w, https:\/\/www.kenzaberrada.com\/wp-content\/uploads\/2025\/11\/kenza-berrada-768x768.jpg 768w, https:\/\/www.kenzaberrada.com\/wp-content\/uploads\/2025\/11\/kenza-berrada-600x600.jpg 600w, https:\/\/www.kenzaberrada.com\/wp-content\/uploads\/2025\/11\/kenza-berrada-100x100.jpg 100w, https:\/\/www.kenzaberrada.com\/wp-content\/uploads\/2025\/11\/kenza-berrada.jpg 1300w\" sizes=\"(max-width: 650px) 100vw, 650px\" \/>\t\t\t\t\t\t\t\t\t\t\t\t\t\t\t<\/div>\n\t\t\t\t<\/div>\n\t\t\t\t\t<\/div>\n\t\t\t\t<\/div>\n\t\t<div class=\"elementor-element elementor-element-0a2e3d1 e-flex e-con-boxed e-con e-parent\" data-id=\"0a2e3d1\" data-element_type=\"container\">\n\t\t\t\t\t<div class=\"e-con-inner\">\n\t\t\t\t<div class=\"elementor-element elementor-element-4de4db3 elementor-widget-divider--view-line elementor-widget elementor-widget-divider\" data-id=\"4de4db3\" data-element_type=\"widget\" data-widget_type=\"divider.default\">\n\t\t\t\t\t\t\t<div class=\"elementor-divider\">\n\t\t\t<span class=\"elementor-divider-separator\">\n\t\t\t\t\t\t<\/span>\n\t\t<\/div>\n\t\t\t\t\t\t<\/div>\n\t\t\t\t\t<\/div>\n\t\t\t\t<\/div>\n\t\t<div class=\"elementor-element elementor-element-bc3ac2c e-flex e-con-boxed e-con e-parent\" data-id=\"bc3ac2c\" data-element_type=\"container\">\n\t\t\t\t\t<div class=\"e-con-inner\">\n\t\t\t\t<div class=\"elementor-element elementor-element-abd8011 elementor-widget elementor-widget-bisou_core_section_title\" data-id=\"abd8011\" data-element_type=\"widget\" data-widget_type=\"bisou_core_section_title.default\">\n\t\t\t\t<div class=\"elementor-widget-container\">\n\t\t\t\t\t<div class=\"qodef-shortcode qodef-m qodef-section-title qodef-alignment--center qodef--has-appear\">\n\t\t\t<h3 class=\"qodef-m-title\" >\n\t\t\t\t\tL'esprit de la maison\t\t\t<\/h3>\n\t\t<p class=\"qodef-m-text\" >Le savoir-faire au coeur de la cr\u00e9ation<\/p>\n<\/div>\n\t\t\t\t<\/div>\n\t\t\t\t<\/div>\n\t\t\t\t\t<\/div>\n\t\t\t\t<\/div>\n\t\t<div class=\"elementor-element elementor-element-156a47e e-flex e-con-boxed e-con e-parent\" data-id=\"156a47e\" data-element_type=\"container\">\n\t\t\t\t\t<div class=\"e-con-inner\">\n\t\t<div class=\"elementor-element elementor-element-3bab9f8 e-con-full e-flex e-con e-child\" data-id=\"3bab9f8\" data-element_type=\"container\">\n\t\t\t\t<div class=\"elementor-element elementor-element-00d42b2 elementor-widget__width-initial elementor-invisible elementor-widget elementor-widget-image\" data-id=\"00d42b2\" data-element_type=\"widget\" data-settings=\"{&quot;_animation&quot;:&quot;fadeIn&quot;}\" data-widget_type=\"image.default\">\n\t\t\t\t\t\t\t\t\t\t\t\t\t\t\t<img decoding=\"async\" width=\"650\" height=\"650\" src=\"https:\/\/www.kenzaberrada.com\/wp-content\/uploads\/2025\/12\/kenza-berrada-Design-650x650.jpg\" class=\"attachment-bisou_core_image_size_square size-bisou_core_image_size_square wp-image-10036\" alt=\"\" srcset=\"https:\/\/www.kenzaberrada.com\/wp-content\/uploads\/2025\/12\/kenza-berrada-Design-650x650.jpg 650w, https:\/\/www.kenzaberrada.com\/wp-content\/uploads\/2025\/12\/kenza-berrada-Design-300x300.jpg 300w, https:\/\/www.kenzaberrada.com\/wp-content\/uploads\/2025\/12\/kenza-berrada-Design-1024x1024.jpg 1024w, https:\/\/www.kenzaberrada.com\/wp-content\/uploads\/2025\/12\/kenza-berrada-Design-150x150.jpg 150w, https:\/\/www.kenzaberrada.com\/wp-content\/uploads\/2025\/12\/kenza-berrada-Design-768x768.jpg 768w, https:\/\/www.kenzaberrada.com\/wp-content\/uploads\/2025\/12\/kenza-berrada-Design-600x600.jpg 600w, https:\/\/www.kenzaberrada.com\/wp-content\/uploads\/2025\/12\/kenza-berrada-Design-100x100.jpg 100w, https:\/\/www.kenzaberrada.com\/wp-content\/uploads\/2025\/12\/kenza-berrada-Design.jpg 1300w\" sizes=\"(max-width: 650px) 100vw, 650px\" \/>\t\t\t\t\t\t\t\t\t\t\t\t\t\t\t<\/div>\n\t\t\t\t<\/div>\n\t\t<div class=\"elementor-element elementor-element-0994c04 e-con-full e-flex e-con e-child\" data-id=\"0994c04\" data-element_type=\"container\">\n\t\t<div class=\"elementor-element elementor-element-3cf49c1 e-con-full e-flex e-con e-child\" data-id=\"3cf49c1\" data-element_type=\"container\">\n\t\t\t\t<div class=\"elementor-element elementor-element-8cbb886 elementor-widget__width-initial elementor-widget elementor-widget-text-editor\" data-id=\"8cbb886\" data-element_type=\"widget\" data-widget_type=\"text-editor.default\">\n\t\t\t\t\t\t\t\t\t<p>Le savoir-faire de la Maison s\u2019exprime \u00e0 travers l\u2019art des broderies marocaines traditionnelles, sublim\u00e9 par l\u2019exigence de la haute couture contemporaine.<br \/>Notre signature r\u00e9side dans l\u2019alliance de mati\u00e8res nobles, drap de soie, satin duchesse, dentelle perl\u00e9e et dans une confection enti\u00e8rement r\u00e9alis\u00e9e \u00e0 la main, o\u00f9 chaque geste c\u00e9l\u00e8bre la pr\u00e9cision et la beaut\u00e9 du travail artisanal.<\/p><p>Ces valeurs guident chaque cr\u00e9ation de la Maison, o\u00f9 le geste devient un langage d\u2019\u00e9motion, et o\u00f9 chaque robe raconte une histoire singuli\u00e8re, entre tradition et modernit\u00e9. Fil apr\u00e8s fil, perle apr\u00e8s perle, se dessine une \u00e9l\u00e9gance durable, fa\u00e7onn\u00e9e par la patience et la passion de l\u2019artisan.<\/p><p>Pour parfaire la silhouette, la Maison imagine une ligne d\u2019accessoires et de chapeaux, fa\u00e7onn\u00e9s artisanalement et pens\u00e9s comme une prolongation du geste couture.<\/p>\t\t\t\t\t\t\t\t<\/div>\n\t\t\t\t<\/div>\n\t\t<div class=\"elementor-element elementor-element-c07bfbe e-con-full e-flex e-con e-child\" data-id=\"c07bfbe\" data-element_type=\"container\">\n\t\t\t\t<div class=\"elementor-element elementor-element-ca16e51 elementor-widget elementor-widget-bisou_core_button\" data-id=\"ca16e51\" data-element_type=\"widget\" data-widget_type=\"bisou_core_button.default\">\n\t\t\t\t<div class=\"elementor-widget-container\">\n\t\t\t\t\t<a class=\"qodef-shortcode qodef-m qodef-button qodef-layout--outlined qodef-size--large qodef-html--link\" href=\"https:\/\/www.kenzaberrada.com\/index.php\/accessoires\/\" target=\"_self\" style=\"padding: 12px 82px\">\n\t<span class=\"qodef-m-text\">Nos accessoires<\/span>\n<\/a>\n\t\t\t\t<\/div>\n\t\t\t\t<\/div>\n\t\t\t\t<\/div>\n\t\t\t\t<\/div>\n\t\t\t\t\t<\/div>\n\t\t\t\t<\/div>\n\t\t<div class=\"elementor-element elementor-element-e20581c e-flex e-con-boxed e-con e-parent\" data-id=\"e20581c\" data-element_type=\"container\">\n\t\t\t\t\t<div class=\"e-con-inner\">\n\t\t\t\t<div class=\"elementor-element elementor-element-63358bb elementor-widget-divider--view-line elementor-widget elementor-widget-divider\" data-id=\"63358bb\" data-element_type=\"widget\" data-widget_type=\"divider.default\">\n\t\t\t\t\t\t\t<div class=\"elementor-divider\">\n\t\t\t<span class=\"elementor-divider-separator\">\n\t\t\t\t\t\t<\/span>\n\t\t<\/div>\n\t\t\t\t\t\t<\/div>\n\t\t\t\t\t<\/div>\n\t\t\t\t<\/div>\n\t\t<div class=\"elementor-element elementor-element-2a902fa e-flex e-con-boxed e-con e-parent\" data-id=\"2a902fa\" data-element_type=\"container\">\n\t\t\t\t\t<div class=\"e-con-inner\">\n\t\t\t\t<div class=\"elementor-element elementor-element-bfb05f3 elementor-widget elementor-widget-bisou_core_section_title\" data-id=\"bfb05f3\" data-element_type=\"widget\" data-widget_type=\"bisou_core_section_title.default\">\n\t\t\t\t<div class=\"elementor-widget-container\">\n\t\t\t\t\t<div class=\"qodef-shortcode qodef-m qodef-section-title qodef-alignment--center qodef--has-appear\">\n\t\t\t\t<p class=\"qodef-m-text\" >Chez Maison Kenza Berrada, chaque cr\u00e9ation porte une promesse de qualit\u00e9, de d\u00e9licatesse et d\u2019allure.<\/p>\n<\/div>\n\t\t\t\t<\/div>\n\t\t\t\t<\/div>\n\t\t\t\t\t<\/div>\n\t\t\t\t<\/div>\n\t\t<div class=\"elementor-element elementor-element-0682e6d e-flex e-con-boxed e-con e-parent\" data-id=\"0682e6d\" data-element_type=\"container\">\n\t\t\t\t\t<div class=\"e-con-inner\">\n\t\t\t\t<div class=\"elementor-element elementor-element-7506763 elementor-widget elementor-widget-bisou_core_section_title\" data-id=\"7506763\" data-element_type=\"widget\" data-widget_type=\"bisou_core_section_title.default\">\n\t\t\t\t<div class=\"elementor-widget-container\">\n\t\t\t\t\t<div class=\"qodef-shortcode qodef-m qodef-section-title qodef-alignment--center qodef--has-appear\">\n\t\t\t<h1 class=\"qodef-m-title\" >\n\t\t\t\t\tNos Collections\t\t\t<\/h1>\n\t\t<p class=\"qodef-m-text\" >H\u00e9ritage &amp; Accessoires<\/p>\n<\/div>\n\t\t\t\t<\/div>\n\t\t\t\t<\/div>\n\t\t\t\t\t<\/div>\n\t\t\t\t<\/div>\n\t\t<div class=\"elementor-element elementor-element-c170976 e-flex e-con-boxed e-con e-parent\" data-id=\"c170976\" data-element_type=\"container\">\n\t\t\t\t\t<div class=\"e-con-inner\">\n\t\t<div class=\"elementor-element elementor-element-3dbad84 e-grid e-con-full e-con e-child\" data-id=\"3dbad84\" data-element_type=\"container\">\n\t\t\t\t<div class=\"elementor-element elementor-element-a86b79a animated-slow elementor-position-top elementor-invisible elementor-widget elementor-widget-image-box\" data-id=\"a86b79a\" data-element_type=\"widget\" data-settings=\"{&quot;_animation&quot;:&quot;fadeIn&quot;}\" data-widget_type=\"image-box.default\">\n\t\t\t\t\t<div class=\"elementor-image-box-wrapper\"><figure class=\"elementor-image-box-img\"><a href=\"https:\/\/www.kenzaberrada.com\/index.php\/product-category\/heritage\/elegancecivile\/\" tabindex=\"-1\"><img decoding=\"async\" width=\"683\" height=\"1024\" src=\"https:\/\/www.kenzaberrada.com\/wp-content\/uploads\/2024\/06\/Jasmine_003-683x1024.jpg\" class=\"attachment-large size-large wp-image-8922\" alt=\"\" srcset=\"https:\/\/www.kenzaberrada.com\/wp-content\/uploads\/2024\/06\/Jasmine_003-683x1024.jpg 683w, https:\/\/www.kenzaberrada.com\/wp-content\/uploads\/2024\/06\/Jasmine_003-200x300.jpg 200w, https:\/\/www.kenzaberrada.com\/wp-content\/uploads\/2024\/06\/Jasmine_003-768x1152.jpg 768w, https:\/\/www.kenzaberrada.com\/wp-content\/uploads\/2024\/06\/Jasmine_003-1024x1536.jpg 1024w, https:\/\/www.kenzaberrada.com\/wp-content\/uploads\/2024\/06\/Jasmine_003-1365x2048.jpg 1365w, https:\/\/www.kenzaberrada.com\/wp-content\/uploads\/2024\/06\/Jasmine_003-600x900.jpg 600w, https:\/\/www.kenzaberrada.com\/wp-content\/uploads\/2024\/06\/Jasmine_003-scaled.jpg 1707w\" sizes=\"(max-width: 683px) 100vw, 683px\" \/><\/a><\/figure><div class=\"elementor-image-box-content\"><h3 class=\"elementor-image-box-title\"><a href=\"https:\/\/www.kenzaberrada.com\/index.php\/product-category\/heritage\/elegancecivile\/\">\u00c9L\u00c9GANCE CIVILE<\/a><\/h3><\/div><\/div>\t\t\t\t<\/div>\n\t\t\t\t<div class=\"elementor-element elementor-element-b3fedb0 animated-slow elementor-position-top elementor-invisible elementor-widget elementor-widget-image-box\" data-id=\"b3fedb0\" data-element_type=\"widget\" data-settings=\"{&quot;_animation&quot;:&quot;fadeIn&quot;}\" data-widget_type=\"image-box.default\">\n\t\t\t\t\t<div class=\"elementor-image-box-wrapper\"><figure class=\"elementor-image-box-img\"><a href=\"https:\/\/www.kenzaberrada.com\/index.php\/product-category\/heritage\/lessignatures\/\" tabindex=\"-1\"><img loading=\"lazy\" decoding=\"async\" width=\"683\" height=\"1024\" src=\"https:\/\/www.kenzaberrada.com\/wp-content\/uploads\/2025\/11\/Hera_004-683x1024.jpg\" class=\"attachment-large size-large wp-image-8864\" alt=\"\" srcset=\"https:\/\/www.kenzaberrada.com\/wp-content\/uploads\/2025\/11\/Hera_004-683x1024.jpg 683w, https:\/\/www.kenzaberrada.com\/wp-content\/uploads\/2025\/11\/Hera_004-200x300.jpg 200w, https:\/\/www.kenzaberrada.com\/wp-content\/uploads\/2025\/11\/Hera_004-768x1152.jpg 768w, https:\/\/www.kenzaberrada.com\/wp-content\/uploads\/2025\/11\/Hera_004-1024x1536.jpg 1024w, https:\/\/www.kenzaberrada.com\/wp-content\/uploads\/2025\/11\/Hera_004-1365x2048.jpg 1365w, https:\/\/www.kenzaberrada.com\/wp-content\/uploads\/2025\/11\/Hera_004-600x900.jpg 600w, https:\/\/www.kenzaberrada.com\/wp-content\/uploads\/2025\/11\/Hera_004-scaled.jpg 1707w\" sizes=\"(max-width: 683px) 100vw, 683px\" \/><\/a><\/figure><div class=\"elementor-image-box-content\"><h3 class=\"elementor-image-box-title\"><a href=\"https:\/\/www.kenzaberrada.com\/index.php\/product-category\/heritage\/lessignatures\/\">SIGNATURES<\/a><\/h3><\/div><\/div>\t\t\t\t<\/div>\n\t\t\t\t<div class=\"elementor-element elementor-element-9998a46 animated-slow elementor-position-top elementor-invisible elementor-widget elementor-widget-image-box\" data-id=\"9998a46\" data-element_type=\"widget\" data-settings=\"{&quot;_animation&quot;:&quot;fadeIn&quot;}\" data-widget_type=\"image-box.default\">\n\t\t\t\t\t<div class=\"elementor-image-box-wrapper\"><figure class=\"elementor-image-box-img\"><a href=\"https:\/\/www.kenzaberrada.com\/index.php\/product-category\/heritage\/eleganceintemporelle\/\" tabindex=\"-1\"><img loading=\"lazy\" decoding=\"async\" width=\"683\" height=\"1024\" src=\"https:\/\/www.kenzaberrada.com\/wp-content\/uploads\/2025\/11\/Elyra_005-683x1024.jpg\" class=\"attachment-large size-large wp-image-8883\" alt=\"\" srcset=\"https:\/\/www.kenzaberrada.com\/wp-content\/uploads\/2025\/11\/Elyra_005-683x1024.jpg 683w, https:\/\/www.kenzaberrada.com\/wp-content\/uploads\/2025\/11\/Elyra_005-200x300.jpg 200w, https:\/\/www.kenzaberrada.com\/wp-content\/uploads\/2025\/11\/Elyra_005-768x1152.jpg 768w, https:\/\/www.kenzaberrada.com\/wp-content\/uploads\/2025\/11\/Elyra_005-1024x1536.jpg 1024w, https:\/\/www.kenzaberrada.com\/wp-content\/uploads\/2025\/11\/Elyra_005-1365x2048.jpg 1365w, https:\/\/www.kenzaberrada.com\/wp-content\/uploads\/2025\/11\/Elyra_005-600x900.jpg 600w, https:\/\/www.kenzaberrada.com\/wp-content\/uploads\/2025\/11\/Elyra_005-scaled.jpg 1707w\" sizes=\"(max-width: 683px) 100vw, 683px\" \/><\/a><\/figure><div class=\"elementor-image-box-content\"><h3 class=\"elementor-image-box-title\"><a href=\"https:\/\/www.kenzaberrada.com\/index.php\/product-category\/heritage\/eleganceintemporelle\/\">\u00c9L\u00c9GANCE INTEMPORELLE<\/a><\/h3><\/div><\/div>\t\t\t\t<\/div>\n\t\t\t\t<div class=\"elementor-element elementor-element-9ef4d83 animated-slow elementor-position-top elementor-invisible elementor-widget elementor-widget-image-box\" data-id=\"9ef4d83\" data-element_type=\"widget\" data-settings=\"{&quot;_animation&quot;:&quot;fadeIn&quot;}\" data-widget_type=\"image-box.default\">\n\t\t\t\t\t<div class=\"elementor-image-box-wrapper\"><figure class=\"elementor-image-box-img\"><a href=\"https:\/\/www.kenzaberrada.com\/index.php\/product-category\/voiles\/\" tabindex=\"-1\"><img loading=\"lazy\" decoding=\"async\" width=\"683\" height=\"1024\" src=\"https:\/\/www.kenzaberrada.com\/wp-content\/uploads\/2025\/11\/Amyra_002-683x1024.jpg\" class=\"attachment-large size-large wp-image-8832\" alt=\"\" srcset=\"https:\/\/www.kenzaberrada.com\/wp-content\/uploads\/2025\/11\/Amyra_002-683x1024.jpg 683w, https:\/\/www.kenzaberrada.com\/wp-content\/uploads\/2025\/11\/Amyra_002-200x300.jpg 200w, https:\/\/www.kenzaberrada.com\/wp-content\/uploads\/2025\/11\/Amyra_002-768x1152.jpg 768w, https:\/\/www.kenzaberrada.com\/wp-content\/uploads\/2025\/11\/Amyra_002-1024x1536.jpg 1024w, https:\/\/www.kenzaberrada.com\/wp-content\/uploads\/2025\/11\/Amyra_002-1365x2048.jpg 1365w, https:\/\/www.kenzaberrada.com\/wp-content\/uploads\/2025\/11\/Amyra_002-600x900.jpg 600w, https:\/\/www.kenzaberrada.com\/wp-content\/uploads\/2025\/11\/Amyra_002-scaled.jpg 1707w\" sizes=\"(max-width: 683px) 100vw, 683px\" \/><\/a><\/figure><div class=\"elementor-image-box-content\"><h3 class=\"elementor-image-box-title\"><a href=\"https:\/\/www.kenzaberrada.com\/index.php\/product-category\/voiles\/\">VOILES<\/a><\/h3><\/div><\/div>\t\t\t\t<\/div>\n\t\t\t\t<div class=\"elementor-element elementor-element-fe30071 animated-slow elementor-position-top elementor-invisible elementor-widget elementor-widget-image-box\" data-id=\"fe30071\" data-element_type=\"widget\" data-settings=\"{&quot;_animation&quot;:&quot;fadeIn&quot;}\" data-widget_type=\"image-box.default\">\n\t\t\t\t\t<div class=\"elementor-image-box-wrapper\"><figure class=\"elementor-image-box-img\"><a href=\"https:\/\/www.kenzaberrada.com\/index.php\/product-category\/chapeaux\/\" tabindex=\"-1\"><img loading=\"lazy\" decoding=\"async\" width=\"683\" height=\"1024\" src=\"https:\/\/www.kenzaberrada.com\/wp-content\/uploads\/2025\/11\/Amwaj_004-683x1024.jpg\" class=\"attachment-large size-large wp-image-8841\" alt=\"\" srcset=\"https:\/\/www.kenzaberrada.com\/wp-content\/uploads\/2025\/11\/Amwaj_004-683x1024.jpg 683w, https:\/\/www.kenzaberrada.com\/wp-content\/uploads\/2025\/11\/Amwaj_004-200x300.jpg 200w, https:\/\/www.kenzaberrada.com\/wp-content\/uploads\/2025\/11\/Amwaj_004-768x1152.jpg 768w, https:\/\/www.kenzaberrada.com\/wp-content\/uploads\/2025\/11\/Amwaj_004-1024x1536.jpg 1024w, https:\/\/www.kenzaberrada.com\/wp-content\/uploads\/2025\/11\/Amwaj_004-1365x2048.jpg 1365w, https:\/\/www.kenzaberrada.com\/wp-content\/uploads\/2025\/11\/Amwaj_004-600x900.jpg 600w, https:\/\/www.kenzaberrada.com\/wp-content\/uploads\/2025\/11\/Amwaj_004-scaled.jpg 1707w\" sizes=\"(max-width: 683px) 100vw, 683px\" \/><\/a><\/figure><div class=\"elementor-image-box-content\"><h3 class=\"elementor-image-box-title\"><a href=\"https:\/\/www.kenzaberrada.com\/index.php\/product-category\/chapeaux\/\">CHAPEAUX<\/a><\/h3><\/div><\/div>\t\t\t\t<\/div>\n\t\t\t\t<\/div>\n\t\t\t\t\t<\/div>\n\t\t\t\t<\/div>\n\t\t<div class=\"elementor-element elementor-element-7af009b e-flex e-con-boxed e-con e-parent\" data-id=\"7af009b\" data-element_type=\"container\">\n\t\t\t\t\t<div class=\"e-con-inner\">\n\t\t\t\t<div class=\"elementor-element elementor-element-a6999b7 elementor-widget-divider--view-line elementor-widget elementor-widget-divider\" data-id=\"a6999b7\" data-element_type=\"widget\" data-widget_type=\"divider.default\">\n\t\t\t\t\t\t\t<div class=\"elementor-divider\">\n\t\t\t<span class=\"elementor-divider-separator\">\n\t\t\t\t\t\t<\/span>\n\t\t<\/div>\n\t\t\t\t\t\t<\/div>\n\t\t\t\t\t<\/div>\n\t\t\t\t<\/div>\n\t\t<div class=\"elementor-element elementor-element-58c5f64 e-flex e-con-boxed e-con e-parent\" data-id=\"58c5f64\" data-element_type=\"container\">\n\t\t\t\t\t<div class=\"e-con-inner\">\n\t\t\t\t<div class=\"elementor-element elementor-element-9ba9e34 elementor-widget elementor-widget-bisou_core_button\" data-id=\"9ba9e34\" data-element_type=\"widget\" data-widget_type=\"bisou_core_button.default\">\n\t\t\t\t<div class=\"elementor-widget-container\">\n\t\t\t\t\t<a class=\"qodef-shortcode qodef-m qodef-button qodef-layout--outlined qodef-html--link\" href=\"https:\/\/www.kenzaberrada.com\/index.php\/reservation\/\" target=\"_self\" style=\"padding: 13px 63px\">\n\t<span class=\"qodef-m-text\">R\u00c9SERVEZ UN ESSAYAGE<\/span>\n<\/a>\n\t\t\t\t<\/div>\n\t\t\t\t<\/div>\n\t\t\t\t\t<\/div>\n\t\t\t\t<\/div>\n\t\t\t\t<\/div>\n\t\t","protected":false},"excerpt":{"rendered":"<p>Notre histoire Un h\u00e9ritage vivant La Maison Kenza Berrada puise sa force dans un h\u00e9ritage vivant, transmis avec passion de g\u00e9n\u00e9ration en g\u00e9n\u00e9ration.Dans cette famille, la couture ne s\u2019apprend pas : elle se vit et se transmet. Form\u00e9e aux m\u00e9tiers de la mode et nourrie par un parcours en marketing digital \u00e0 Paris, Kenza r\u00e9unit [&hellip;]<\/p>\n","protected":false},"author":1,"featured_media":0,"parent":0,"menu_order":0,"comment_status":"closed","ping_status":"closed","template":"page-full-width.php","meta":{"footnotes":""},"class_list":["post-3355","page","type-page","status-publish","hentry"],"_links":{"self":[{"href":"https:\/\/www.kenzaberrada.com\/index.php\/wp-json\/wp\/v2\/pages\/3355","targetHints":{"allow":["GET"]}}],"collection":[{"href":"https:\/\/www.kenzaberrada.com\/index.php\/wp-json\/wp\/v2\/pages"}],"about":[{"href":"https:\/\/www.kenzaberrada.com\/index.php\/wp-json\/wp\/v2\/types\/page"}],"author":[{"embeddable":true,"href":"https:\/\/www.kenzaberrada.com\/index.php\/wp-json\/wp\/v2\/users\/1"}],"replies":[{"embeddable":true,"href":"https:\/\/www.kenzaberrada.com\/index.php\/wp-json\/wp\/v2\/comments?post=3355"}],"version-history":[{"count":258,"href":"https:\/\/www.kenzaberrada.com\/index.php\/wp-json\/wp\/v2\/pages\/3355\/revisions"}],"predecessor-version":[{"id":10048,"href":"https:\/\/www.kenzaberrada.com\/index.php\/wp-json\/wp\/v2\/pages\/3355\/revisions\/10048"}],"wp:attachment":[{"href":"https:\/\/www.kenzaberrada.com\/index.php\/wp-json\/wp\/v2\/media?parent=3355"}],"curies":[{"name":"wp","href":"https:\/\/api.w.org\/{rel}","templated":true}]}}