{"id":3047,"date":"2024-06-14T08:43:12","date_gmt":"2024-06-14T08:43:12","guid":{"rendered":"https:\/\/bisou.qodeinteractive.com\/?page_id=3047"},"modified":"2025-12-13T03:18:30","modified_gmt":"2025-12-13T03:18:30","slug":"contact-us","status":"publish","type":"page","link":"https:\/\/www.kenzaberrada.com\/index.php\/contact-us\/","title":{"rendered":""},"content":{"rendered":"\t\t<div data-elementor-type=\"wp-page\" data-elementor-id=\"3047\" class=\"elementor elementor-3047\" data-elementor-post-type=\"page\">\n\t\t\t\t<div class=\"elementor-element elementor-element-31f6202 e-con-full e-flex e-con e-parent\" data-id=\"31f6202\" data-element_type=\"container\" data-settings=\"{&quot;background_background&quot;:&quot;classic&quot;}\">\n\t\t\t\t<div class=\"elementor-element elementor-element-f68bc26 elementor-widget elementor-widget-bisou_core_google_map\" data-id=\"f68bc26\" data-element_type=\"widget\" data-widget_type=\"bisou_core_google_map.default\">\n\t\t\t\t<div class=\"elementor-widget-container\">\n\t\t\t\t\t<div class=\"qodef-shortcode qodef-m qodef-google-map\">\n\t<div class=\"qodef-m-map\" id=\"qodef-map-id--638\" data-addresses='[\"https:\/\/www.google.com\/maps\/place\/10+White+St,+New+York,+NY+10013,+%D0%A1%D1%98%D0%B5%D0%B4%D0%B8%D1%9A%D0%B5%D0%BD%D0%B5+%D0%94%D1%80%D0%B6%D0%B0%D0%B2%D0%B5\/@40.7192711,-74.0068654,18z\/data=!4m14!1m7!3m6!1s0x89c2598aacb4bb2f:0x38c5e64bc037bc99!2sTerra!8m2!3d40.7191892!4d-74.0060229!16s%2Fg%2F1pp2x5n2q!3m5!1s0x89c2598abb2a06d9:0xb95d04fd35a73764!8m2!3d40.7193468!4d-74.0057203!16s%2Fg%2F11cs8d7y0h?entry=ttu&amp;g_ep=EgoyMDI0MDgyMy4wIKXMDSoASAFQAw%3D%3D\"]' data-pin=https:\/\/www.kenzaberrada.com\/wp-content\/uploads\/2024\/08\/pin.png data-unique-id=638 data-height=500><\/div>\n<\/div>\n\t\t\t\t<\/div>\n\t\t\t\t<\/div>\n\t\t\t\t<\/div>\n\t\t<div class=\"elementor-element elementor-element-c228457 e-flex e-con-boxed e-con e-parent\" data-id=\"c228457\" data-element_type=\"container\">\n\t\t\t\t\t<div class=\"e-con-inner\">\n\t\t\t\t<div class=\"elementor-element elementor-element-3b15d96 elementor-widget elementor-widget-bisou_core_section_title\" data-id=\"3b15d96\" data-element_type=\"widget\" data-widget_type=\"bisou_core_section_title.default\">\n\t\t\t\t<div class=\"elementor-widget-container\">\n\t\t\t\t\t<div class=\"qodef-shortcode qodef-m qodef-section-title qodef-alignment--center qodef--has-appear\">\n\t\t\t<h1 class=\"qodef-m-title\" >\n\t\t\t\t\tNOUS CONTACTER\t\t\t<\/h1>\n\t\t<p class=\"qodef-m-text\" >Initiez votre exp\u00e9rience. Notre atelier est \u00e0 votre disposition.<\/p>\n<\/div>\n\t\t\t\t<\/div>\n\t\t\t\t<\/div>\n\t\t\t\t\t<\/div>\n\t\t\t\t<\/div>\n\t\t<div class=\"elementor-element elementor-element-855437e e-flex e-con-boxed e-con e-parent\" data-id=\"855437e\" data-element_type=\"container\">\n\t\t\t\t\t<div class=\"e-con-inner\">\n\t\t\t\t<div class=\"elementor-element elementor-element-f6a622d elementor-widget elementor-widget-wp-widget-bisou_core_contact_form_7\" data-id=\"f6a622d\" data-element_type=\"widget\" data-widget_type=\"wp-widget-bisou_core_contact_form_7.default\">\n\t\t\t\t<div class=\"elementor-widget-container\">\n\t\t\t\t\t\t\t\t<div class=\"qodef-contact-form-7\">\n\t\t\t\t\n<div class=\"wpcf7 no-js\" id=\"wpcf7-f17-o1\" lang=\"en-US\" dir=\"ltr\" data-wpcf7-id=\"17\">\n<div class=\"screen-reader-response\"><p role=\"status\" aria-live=\"polite\" aria-atomic=\"true\"><\/p> <ul><\/ul><\/div>\n<form action=\"\/index.php\/wp-json\/wp\/v2\/pages\/3047#wpcf7-f17-o1\" method=\"post\" class=\"wpcf7-form init\" aria-label=\"Contact form\" novalidate=\"novalidate\" data-status=\"init\">\n<fieldset class=\"hidden-fields-container\"><input type=\"hidden\" name=\"_wpcf7\" value=\"17\" \/><input type=\"hidden\" name=\"_wpcf7_version\" value=\"6.1.2\" \/><input type=\"hidden\" name=\"_wpcf7_locale\" value=\"en_US\" \/><input type=\"hidden\" name=\"_wpcf7_unit_tag\" value=\"wpcf7-f17-o1\" \/><input type=\"hidden\" name=\"_wpcf7_container_post\" value=\"0\" \/><input type=\"hidden\" name=\"_wpcf7_posted_data_hash\" value=\"\" \/>\n<\/fieldset>\n<div class=\"qodef-contact-form qodef-contact-form-2\">\n    <div class=\"qodef-grid qodef-layout--columns qodef-col-num--1 qodef-gutter--medium qodef-vertical-gutter--no qodef-responsive--custom qodef-col-num--1024--1 qodef-col-num--768--1 qodef-col-num--680--1 qodef-col-num--480--1\">\n        <div class=\"qodef-grid-inner\">\n<div style=\"margin-bottom: 40px;\"><\/div>\n\n\n            <!-- Nom complet -->\n            <div class=\"qodef-grid-item\">\n                <span class=\"wpcf7-form-control-wrap\" data-name=\"your-name\"><input size=\"40\" maxlength=\"400\" class=\"wpcf7-form-control wpcf7-text wpcf7-validates-as-required\" aria-required=\"true\" aria-invalid=\"false\" placeholder=\"Nom complet\" value=\"\" type=\"text\" name=\"your-name\" \/><\/span>\n            <\/div>\n\n            <!-- E-mail -->\n            <div class=\"qodef-grid-item\">\n                <span class=\"wpcf7-form-control-wrap\" data-name=\"your-email\"><input size=\"40\" maxlength=\"400\" class=\"wpcf7-form-control wpcf7-email wpcf7-validates-as-required wpcf7-text wpcf7-validates-as-email\" aria-required=\"true\" aria-invalid=\"false\" placeholder=\"Adresse e-mail\" value=\"\" type=\"email\" name=\"your-email\" \/><\/span>\n            <\/div>\n\n            <!-- T\u00e9l\u00e9phone -->\n            <div class=\"qodef-grid-item\">\n                <span class=\"wpcf7-form-control-wrap\" data-name=\"your-phone\"><input size=\"40\" maxlength=\"400\" class=\"wpcf7-form-control wpcf7-tel wpcf7-validates-as-required wpcf7-text wpcf7-validates-as-tel\" aria-required=\"true\" aria-invalid=\"false\" placeholder=\"T\u00e9l\u00e9phone\" value=\"\" type=\"tel\" name=\"your-phone\" \/><\/span>\n            <\/div>\n\n        <\/div>\n    <\/div>\n\n    <!-- Message -->\n    <div class=\"qodef-form-textarea-holder\">\n        <span class=\"wpcf7-form-control-wrap\" data-name=\"message\"><textarea cols=\"40\" rows=\"10\" maxlength=\"2000\" class=\"wpcf7-form-control wpcf7-textarea wpcf7-validates-as-required\" aria-required=\"true\" aria-invalid=\"false\" placeholder=\"Votre message\" name=\"message\"><\/textarea><\/span>\n    <\/div>\n\n    <!-- Consentement -->\n    <div class=\"qodef-grid\" style=\"margin-top:15px;\">\n        <div class=\"qodef-grid-item\">\n            <span class=\"wpcf7-form-control-wrap\" data-name=\"consentement\"><span class=\"wpcf7-form-control wpcf7-checkbox wpcf7-validates-as-required\"><span class=\"wpcf7-list-item first last\"><label><input type=\"checkbox\" name=\"consentement[]\" value=\"J\u2019accepte que mes informations soient utilis\u00e9es pour \u00eatre recontact\u00e9(e).\" \/><span class=\"wpcf7-list-item-label\">J\u2019accepte que mes informations soient utilis\u00e9es pour \u00eatre recontact\u00e9(e).<\/span><\/label><\/span><\/span><\/span>\n        <\/div>\n    <\/div>\n\n    <!-- Bouton -->\n    <div class=\"qodef-submit-holder\">\n        <button name=\"submit\" type=\"submit\" class=\"qodef-submit qodef-button qodef-layout--outlined qodef-size--normal\" value=\"Submit\">\n            <span class=\"qodef-m-inner-border\">\n                <span class=\"qodef-m-border-top\"><\/span>\n                <span class=\"qodef-m-border-right\"><\/span>\n                <span class=\"qodef-m-border-bottom\"><\/span>\n                <span class=\"qodef-m-border-left\"><\/span>\n            <\/span>\n            <span class=\"qodef-btn-text\">Envoyer<\/span>\n        <\/button>\n    <\/div>\n<\/div><p style=\"display: none !important;\" class=\"akismet-fields-container\" data-prefix=\"_wpcf7_ak_\"><label>&#916;<textarea name=\"_wpcf7_ak_hp_textarea\" cols=\"45\" rows=\"8\" maxlength=\"100\"><\/textarea><\/label><input type=\"hidden\" id=\"ak_js_1\" name=\"_wpcf7_ak_js\" value=\"148\"\/><script>document.getElementById( \"ak_js_1\" ).setAttribute( \"value\", ( new Date() ).getTime() );<\/script><\/p><div class=\"wpcf7-response-output\" aria-hidden=\"true\"><\/div>\n<\/form>\n<\/div>\n\t\t\t<\/div>\n\t\t\t\t\t\t\t<\/div>\n\t\t\t\t<\/div>\n\t\t\t\t\t<\/div>\n\t\t\t\t<\/div>\n\t\t<div class=\"elementor-element elementor-element-10c31bd e-flex e-con-boxed e-con e-parent\" data-id=\"10c31bd\" data-element_type=\"container\">\n\t\t\t\t\t<div class=\"e-con-inner\">\n\t\t<div class=\"elementor-element elementor-element-8cdcade e-con-full e-flex e-con e-child\" data-id=\"8cdcade\" data-element_type=\"container\">\n\t\t\t\t<div class=\"elementor-element elementor-element-414c717 elementor-widget elementor-widget-bisou_core_section_title\" data-id=\"414c717\" data-element_type=\"widget\" data-widget_type=\"bisou_core_section_title.default\">\n\t\t\t\t<div class=\"elementor-widget-container\">\n\t\t\t\t\t<div class=\"qodef-shortcode qodef-m qodef-section-title qodef-alignment--left qodef--has-appear\">\n\t\t\t<h3 class=\"qodef-m-title\" >\n\t\t\t\t\tcontact info\t\t\t<\/h3>\n\t\t<p class=\"qodef-m-text\" >Sur rendez-vous uniquement.<\/p>\n<\/div>\n\t\t\t\t<\/div>\n\t\t\t\t<\/div>\n\t\t<div class=\"elementor-element elementor-element-0baacfa e-grid e-con-boxed e-con e-child\" data-id=\"0baacfa\" data-element_type=\"container\">\n\t\t\t\t\t<div class=\"e-con-inner\">\n\t\t\t\t<div class=\"elementor-element elementor-element-ad8a290 elementor-widget elementor-widget-bisou_core_icon_with_text\" data-id=\"ad8a290\" data-element_type=\"widget\" data-widget_type=\"bisou_core_icon_with_text.default\">\n\t\t\t\t<div class=\"elementor-widget-container\">\n\t\t\t\t\t<div class=\"qodef-shortcode qodef-m qodef-icon-with-text qodef-layout--before-title qodef--custom-icon\">\n\t<div class=\"qodef-m-content\">\n\t\t\t<p class=\"qodef-m-title\" >\n\t\t\t\t\t<a itemprop=\"url\" href=\"https:\/\/www.google.com\/maps\/place\/10+White+St,+New+York,+NY+10013,+%D0%A1%D1%98%D0%B5%D0%B4%D0%B8%D1%9A%D0%B5%D0%BD%D0%B5+%D0%94%D1%80%D0%B6%D0%B0%D0%B2%D0%B5\/@40.7192711,-74.0068654,18z\/data=!4m14!1m7!3m6!1s0x89c2598aacb4bb2f:0x38c5e64bc037bc99!2sTerra!8m2!3d40.7191892!4d-74.0060229!16s%2Fg%2F1pp2x5n2q!3m5!1s0x89c2598abb2a06d9:0xb95d04fd35a73764!8m2!3d40.7193468!4d-74.0057203!16s%2Fg%2F11cs8d7y0h?entry=ttu\" target=\"_blank\">\n\t\t\t\t\t<span class=\"qodef-m-title-inner\">\n\t\t\t\t<span class=\"qodef-m-icon-wrapper\">\n\t\t\t\t\t<img decoding=\"async\" width=\"22\" height=\"22\" src=\"https:\/\/www.kenzaberrada.com\/wp-content\/uploads\/2024\/06\/contact-icon-1.png\" class=\"attachment-full size-full\" alt=\"contact-icon-1\" \/>\t\t\t\t<\/span>\n\t\t\t\t<span class=\"qodef-m-title-text\">\n\t\t\t\t\tParis - France\t\t\t\t<\/span>\n\t\t\t<\/span>\n\t\t\t\t\t<\/a>\n\t\t\t<\/p>\n\t\t\t<\/div>\n<\/div>\n\t\t\t\t<\/div>\n\t\t\t\t<\/div>\n\t\t\t\t<div class=\"elementor-element elementor-element-0ecdd41 elementor-widget elementor-widget-bisou_core_icon_with_text\" data-id=\"0ecdd41\" data-element_type=\"widget\" data-widget_type=\"bisou_core_icon_with_text.default\">\n\t\t\t\t<div class=\"elementor-widget-container\">\n\t\t\t\t\t<div class=\"qodef-shortcode qodef-m qodef-icon-with-text qodef-layout--before-title qodef--custom-icon\">\n\t<div class=\"qodef-m-content\">\n\t\t\t<p class=\"qodef-m-title\" >\n\t\t\t\t\t<a itemprop=\"url\" href=\"mailto:info@kenzaberrada.com\" target=\"_self\">\n\t\t\t\t\t<span class=\"qodef-m-title-inner\">\n\t\t\t\t<span class=\"qodef-m-icon-wrapper\">\n\t\t\t\t\t<img decoding=\"async\" width=\"22\" height=\"16\" src=\"https:\/\/www.kenzaberrada.com\/wp-content\/uploads\/2024\/06\/contact-icon-2.png\" class=\"attachment-full size-full\" alt=\"a\" \/>\t\t\t\t<\/span>\n\t\t\t\t<span class=\"qodef-m-title-text\">\n\t\t\t\t\tinfo@kenzaberrada.com\t\t\t\t<\/span>\n\t\t\t<\/span>\n\t\t\t\t\t<\/a>\n\t\t\t<\/p>\n\t\t\t<\/div>\n<\/div>\n\t\t\t\t<\/div>\n\t\t\t\t<\/div>\n\t\t\t\t\t<\/div>\n\t\t\t\t<\/div>\n\t\t<div class=\"elementor-element elementor-element-aab7e75 e-grid e-con-boxed e-con e-child\" data-id=\"aab7e75\" data-element_type=\"container\">\n\t\t\t\t\t<div class=\"e-con-inner\">\n\t\t\t\t\t<\/div>\n\t\t\t\t<\/div>\n\t\t\t\t<\/div>\n\t\t<div class=\"elementor-element elementor-element-27d1fc1 e-con-full e-flex e-con e-child\" data-id=\"27d1fc1\" data-element_type=\"container\">\n\t\t\t\t<div class=\"elementor-element elementor-element-f81f863 elementor-widget elementor-widget-google_maps\" data-id=\"f81f863\" data-element_type=\"widget\" data-widget_type=\"google_maps.default\">\n\t\t\t\t\t\t\t<div class=\"elementor-custom-embed\">\n\t\t\t<iframe loading=\"lazy\"\n\t\t\t\t\tsrc=\"https:\/\/maps.google.com\/maps?q=Paris&#038;t=m&#038;z=12&#038;output=embed&#038;iwloc=near\"\n\t\t\t\t\ttitle=\"Paris\"\n\t\t\t\t\taria-label=\"Paris\"\n\t\t\t><\/iframe>\n\t\t<\/div>\n\t\t\t\t\t\t<\/div>\n\t\t\t\t<\/div>\n\t\t\t\t\t<\/div>\n\t\t\t\t<\/div>\n\t\t<div class=\"elementor-element elementor-element-c19ebc1 e-flex e-con-boxed e-con e-parent\" data-id=\"c19ebc1\" data-element_type=\"container\">\n\t\t\t\t\t<div class=\"e-con-inner\">\n\t\t\t\t<div class=\"elementor-element elementor-element-dfe4e00 elementor-widget-divider--view-line elementor-widget elementor-widget-divider\" data-id=\"dfe4e00\" data-element_type=\"widget\" data-widget_type=\"divider.default\">\n\t\t\t\t\t\t\t<div class=\"elementor-divider\">\n\t\t\t<span class=\"elementor-divider-separator\">\n\t\t\t\t\t\t<\/span>\n\t\t<\/div>\n\t\t\t\t\t\t<\/div>\n\t\t\t\t\t<\/div>\n\t\t\t\t<\/div>\n\t\t\t\t<\/div>\n\t\t","protected":false},"excerpt":{"rendered":"<p>NOUS CONTACTER Initiez votre exp\u00e9rience. Notre atelier est \u00e0 votre disposition. contact info Sur rendez-vous uniquement. Paris &#8211; France info@kenzaberrada.com<\/p>\n","protected":false},"author":1,"featured_media":0,"parent":0,"menu_order":0,"comment_status":"closed","ping_status":"closed","template":"page-full-width.php","meta":{"footnotes":""},"class_list":["post-3047","page","type-page","status-publish","hentry"],"_links":{"self":[{"href":"https:\/\/www.kenzaberrada.com\/index.php\/wp-json\/wp\/v2\/pages\/3047","targetHints":{"allow":["GET"]}}],"collection":[{"href":"https:\/\/www.kenzaberrada.com\/index.php\/wp-json\/wp\/v2\/pages"}],"about":[{"href":"https:\/\/www.kenzaberrada.com\/index.php\/wp-json\/wp\/v2\/types\/page"}],"author":[{"embeddable":true,"href":"https:\/\/www.kenzaberrada.com\/index.php\/wp-json\/wp\/v2\/users\/1"}],"replies":[{"embeddable":true,"href":"https:\/\/www.kenzaberrada.com\/index.php\/wp-json\/wp\/v2\/comments?post=3047"}],"version-history":[{"count":31,"href":"https:\/\/www.kenzaberrada.com\/index.php\/wp-json\/wp\/v2\/pages\/3047\/revisions"}],"predecessor-version":[{"id":10045,"href":"https:\/\/www.kenzaberrada.com\/index.php\/wp-json\/wp\/v2\/pages\/3047\/revisions\/10045"}],"wp:attachment":[{"href":"https:\/\/www.kenzaberrada.com\/index.php\/wp-json\/wp\/v2\/media?parent=3047"}],"curies":[{"name":"wp","href":"https:\/\/api.w.org\/{rel}","templated":true}]}}