{"id":2,"date":"2025-10-14T16:34:35","date_gmt":"2025-10-14T16:34:35","guid":{"rendered":"http:\/\/kenzabv.cluster100.hosting.ovh.net\/?page_id=2"},"modified":"2025-12-09T11:08:33","modified_gmt":"2025-12-09T11:08:33","slug":"sample-page","status":"publish","type":"page","link":"https:\/\/www.kenzaberrada.com\/index.php\/sample-page\/","title":{"rendered":"FAQ"},"content":{"rendered":"\t\t<div data-elementor-type=\"wp-page\" data-elementor-id=\"2\" class=\"elementor elementor-2\" data-elementor-post-type=\"page\">\n\t\t\t\t<div class=\"elementor-element elementor-element-5e17cc4b e-flex e-con-boxed e-con e-parent\" data-id=\"5e17cc4b\" data-element_type=\"container\">\n\t\t\t\t\t<div class=\"e-con-inner\">\n\t\t\t\t<div class=\"elementor-element elementor-element-18b32291 elementor-widget elementor-widget-text-editor\" data-id=\"18b32291\" data-element_type=\"widget\" data-widget_type=\"text-editor.default\">\n\t\t\t\t\t\t\t\t\t<section class=\"kenza-faq-intro\"><h2>Foire aux Questions<\/h2><p>Chaque pi\u00e8ce est une cr\u00e9ation unique. Nous r\u00e9pondons aux questions essentielles ici, mais notre \u00e9quipe est \u00e0 votre disposition pour vous offrir un accompagnement sur mesure.<\/p><\/section><section class=\"kenza-faq\"><div class=\"faq-item\"><h3 class=\"faq-question\">O\u00f9 sont confectionn\u00e9es les cr\u00e9ations\u00a0?<\/h3><div class=\"faq-answer\"><p>Toutes nos pi\u00e8ces sont r\u00e9alis\u00e9es dans notre atelier au Maroc, par des artisans sp\u00e9cialis\u00e9s dans la broderie et la couture traditionnelle, sous la direction artistique de Kenza Berrada.<\/p><\/div><\/div><div class=\"faq-item\"><h3 class=\"faq-question\">Proposez-vous un service sur mesure\u00a0?<\/h3><div class=\"faq-answer\"><p>Oui. Chaque mari\u00e9e peut b\u00e9n\u00e9ficier d\u2019un service sur mesure, avec un d\u00e9lai de r\u00e9alisation de 4 mois.<\/p><\/div><\/div><div class=\"faq-item\"><h3 class=\"faq-question\">Puis-je personnaliser une pi\u00e8ce parmi la collection\u00a0?<\/h3><div class=\"faq-answer\"><p>La Maison offre certaines possibilit\u00e9s de personnalisation, telles que l\u2019allongement de la tra\u00eene ou l\u2019adaptation du mod\u00e8le. Chaque demande \u00e9tant unique, nous vous invitons \u00e0 nous contacter afin d\u2019\u00e9tudier ensemble les ajustements possibles, dans le respect de l\u2019esprit de la cr\u00e9ation.<\/p><\/div><\/div><div class=\"faq-item\"><h3 class=\"faq-question\">Proposez-vous des accessoires assortis \u00e0 la robe\u00a0?<\/h3><div class=\"faq-answer\"><p>Oui, la Maison dispose de son propre Atelier Accessoire o\u00f9 nos artisans fa\u00e7onnent \u00e0 la main les voiles et les chapeaux, pens\u00e9s pour parfaire votre tenue.<\/p><\/div><\/div><div class=\"faq-item\"><h3 class=\"faq-question\">Conservez-vous mes mesures\u00a0?<\/h3><div class=\"faq-answer\"><p>Oui, sous votre consentement. Lors de votre premi\u00e8re commande, vos mesures sont enregistr\u00e9es et conserv\u00e9es pour vos futures cr\u00e9ations.<\/p><\/div><\/div><div class=\"faq-item\"><h3 class=\"faq-question\">Modalit\u00e9s de paiement?<\/h3><div class=\"faq-answer\"><p>Le paiement s\u2019effectue lors du rendez-vous.<\/p><\/div><\/div><div class=\"faq-item\"><h3 class=\"faq-question\">Puis-je retourner ma commande\u00a0?<\/h3><div class=\"faq-answer\"><p>Non. En raison de la fragilit\u00e9 des mati\u00e8res et du caract\u00e8re unique de chaque cr\u00e9ation, les retours ne seront pas possibles une fois la commande valid\u00e9e.<\/p><\/div><\/div><div class=\"faq-item\"><h3 class=\"faq-question\">Comment sont envoy\u00e9es vos commandes\u00a0?<\/h3><div class=\"faq-answer\"><p>La Maison exp\u00e9die ses cr\u00e9ations avec <em>Colissimo <\/em>, avec un suivi complet jusqu\u2019\u00e0 r\u00e9ception. Nos colis sont soigneusement emball\u00e9s afin de garantir une bonne r\u00e9ception.<\/p><\/div><\/div><\/section>\t\t\t\t\t\t\t\t<\/div>\n\t\t\t\t<div class=\"elementor-element elementor-element-acab562 elementor-widget elementor-widget-html\" data-id=\"acab562\" data-element_type=\"widget\" data-widget_type=\"html.default\">\n\t\t\t\t\t<script>\r\ndocument.querySelectorAll(\".faq-question\").forEach(q => {\r\n  q.addEventListener(\"click\", () => {\r\n    q.parentElement.classList.toggle(\"active\");\r\n  });\r\n});\r\n<\/script>\r\n\t\t\t\t<\/div>\n\t\t\t\t\t<\/div>\n\t\t\t\t<\/div>\n\t\t<div class=\"elementor-element elementor-element-9b941ef e-flex e-con-boxed e-con e-parent\" data-id=\"9b941ef\" data-element_type=\"container\">\n\t\t\t\t\t<div class=\"e-con-inner\">\n\t\t\t\t\t<\/div>\n\t\t\t\t<\/div>\n\t\t\t\t<\/div>\n\t\t","protected":false},"excerpt":{"rendered":"<p>Foire aux Questions Chaque pi\u00e8ce est une cr\u00e9ation unique. Nous r\u00e9pondons aux questions essentielles ici, mais notre \u00e9quipe est \u00e0 votre disposition pour vous offrir un accompagnement sur mesure. O\u00f9 sont confectionn\u00e9es les cr\u00e9ations\u00a0? Toutes nos pi\u00e8ces sont r\u00e9alis\u00e9es dans notre atelier au Maroc, par des artisans sp\u00e9cialis\u00e9s dans la broderie et la couture traditionnelle, [&hellip;]<\/p>\n","protected":false},"author":1,"featured_media":0,"parent":0,"menu_order":0,"comment_status":"closed","ping_status":"open","template":"","meta":{"footnotes":""},"class_list":["post-2","page","type-page","status-publish","hentry"],"_links":{"self":[{"href":"https:\/\/www.kenzaberrada.com\/index.php\/wp-json\/wp\/v2\/pages\/2","targetHints":{"allow":["GET"]}}],"collection":[{"href":"https:\/\/www.kenzaberrada.com\/index.php\/wp-json\/wp\/v2\/pages"}],"about":[{"href":"https:\/\/www.kenzaberrada.com\/index.php\/wp-json\/wp\/v2\/types\/page"}],"author":[{"embeddable":true,"href":"https:\/\/www.kenzaberrada.com\/index.php\/wp-json\/wp\/v2\/users\/1"}],"replies":[{"embeddable":true,"href":"https:\/\/www.kenzaberrada.com\/index.php\/wp-json\/wp\/v2\/comments?post=2"}],"version-history":[{"count":16,"href":"https:\/\/www.kenzaberrada.com\/index.php\/wp-json\/wp\/v2\/pages\/2\/revisions"}],"predecessor-version":[{"id":9958,"href":"https:\/\/www.kenzaberrada.com\/index.php\/wp-json\/wp\/v2\/pages\/2\/revisions\/9958"}],"wp:attachment":[{"href":"https:\/\/www.kenzaberrada.com\/index.php\/wp-json\/wp\/v2\/media?parent=2"}],"curies":[{"name":"wp","href":"https:\/\/api.w.org\/{rel}","templated":true}]}}